{"id":1239,"date":"2025-04-08T10:24:48","date_gmt":"2025-04-08T10:24:48","guid":{"rendered":"https:\/\/rfidmastergroup.com\/?page_id=1239"},"modified":"2025-04-08T10:30:49","modified_gmt":"2025-04-08T10:30:49","slug":"legal-notice-copy","status":"publish","type":"page","link":"https:\/\/rfidmastergroup.com\/es\/legal-notice-copy\/","title":{"rendered":"Pol\u00edtica de Privacidad"},"content":{"rendered":"<div data-elementor-type=\"wp-page\" data-elementor-id=\"1239\" class=\"elementor elementor-1239\" data-elementor-post-type=\"page\">\n\t\t\t\t<div class=\"elementor-element elementor-element-1d36cd1f e-flex e-con-boxed e-con e-parent\" data-id=\"1d36cd1f\" data-element_type=\"container\" data-e-type=\"container\">\n\t\t\t\t\t<div class=\"e-con-inner\">\n\t\t\t\t<div class=\"elementor-element elementor-element-a1fdbe9 elementor-widget elementor-widget-heading\" data-id=\"a1fdbe9\" data-element_type=\"widget\" data-e-type=\"widget\" data-widget_type=\"heading.default\">\n\t\t\t\t<div class=\"elementor-widget-container\">\n\t\t\t\t\t<h2 class=\"elementor-heading-title elementor-size-default\">Pol\u00edtica de Privacidad<\/h2>\t\t\t\t<\/div>\n\t\t\t\t<\/div>\n\t\t\t\t<div class=\"elementor-element elementor-element-4df00196 elementor-widget elementor-widget-text-editor\" data-id=\"4df00196\" data-element_type=\"widget\" data-e-type=\"widget\" data-widget_type=\"text-editor.default\">\n\t\t\t\t<div class=\"elementor-widget-container\">\n\t\t\t\t\t\t\t\t\t<p>Esta pol\u00edtica de privacidad (en adelante \u201cPol\u00edtica\u201d) explica las razones, los m\u00e9todos de recopilaci\u00f3n y la gesti\u00f3n de los datos personales relacionados con los clientes de RFID MASTER GROUP y c\u00f3mo se garantiza su protecci\u00f3n.<\/p><h2><b>RESPONSABLE DEL TRATAMIENTO<\/b><\/h2><p><b>RFID MASTER GROUP<\/b> (en adelante tambi\u00e9n denominada \u201cla Compa\u00f1\u00eda\u201d) act\u00faa como responsable del tratamiento de datos y puede ser contactada a trav\u00e9s de su organizaci\u00f3n para obtener informaci\u00f3n sobre el tratamiento de datos personales y para ejercer los derechos reconocidos por el RGPD al interesado, en los siguientes datos de contacto:\u00a0<b>info@rfidmastergroup.com<\/b><\/p><p>La Compa\u00f1\u00eda ha designado un Delegado de Protecci\u00f3n de Datos (\u201cDPD\u201d), al que los interesados \u200b\u200bpueden contactar para recibir respuestas sobre el tratamiento de datos personales realizado por el responsable del tratamiento.<\/p><p>La Empresa se compromete a tratar sus datos de conformidad con el Reglamento General de Protecci\u00f3n de Datos (Reglamento UE 2016\/679), m\u00e1s conocido como \u00abRGPD\u00bb. En concreto, el tratamiento de Datos Personales que realiza la Empresa se ajustar\u00e1 a los principios de licitud, lealtad, transparencia, limitaci\u00f3n de la finalidad, conservaci\u00f3n de datos, minimizaci\u00f3n de datos, exactitud, integridad y confidencialidad.<\/p><h2><b>PROP\u00d3SITO DE ESTA POL\u00cdTICA DE PRIVACIDAD<\/b><\/h2><p>Esta pol\u00edtica de privacidad se prepara de conformidad con el Art\u00edculo 13 del RGPD con el objetivo de proporcionar informaci\u00f3n sobre c\u00f3mo la Compa\u00f1\u00eda procesa los datos personales recopilados a trav\u00e9s del uso de su sitio web o aplicaci\u00f3n, incluidos los datos proporcionados para utilizar sus servicios y solicitar informaci\u00f3n (por ejemplo, para interactuar con nuestro servicio de atenci\u00f3n al cliente)<\/p><h3><b>1. Datos de navegaci\u00f3n<\/b><\/h3><p>Los sistemas inform\u00e1ticos y los procedimientos de software utilizados para el funcionamiento de este sitio web adquieren, durante su funcionamiento normal, algunos datos personales cuya transmisi\u00f3n est\u00e1 impl\u00edcita en el uso de los protocolos de comunicaci\u00f3n de Internet. Se trata de informaci\u00f3n que no se recopila para asociarla con personas identificadas, pero que, por su naturaleza, podr\u00eda, mediante el procesamiento y la asociaci\u00f3n con datos de terceros, permitir la identificaci\u00f3n de los usuarios. Esta categor\u00eda de datos incluye las direcciones IP o los nombres de dominio de los ordenadores utilizados por los usuarios que se conectan al sitio, las direcciones URI (Identificador Uniforme de Recursos) de los recursos solicitados, la hora de la solicitud, el m\u00e9todo utilizado para enviar la solicitud al servidor, el tama\u00f1o del archivo recibido en respuesta, el c\u00f3digo num\u00e9rico que indica el estado de la respuesta del servidor (correcta, error, etc.), las indicaciones de tiempo de inicio y fin de la sesi\u00f3n, y otros par\u00e1metros relacionados con el sistema operativo y el entorno inform\u00e1tico del usuario.<\/p><p>Finalidad y base legal del tratamiento: los datos se utilizan para garantizar el correcto funcionamiento del sitio web y obtener informaci\u00f3n estad\u00edstica an\u00f3nima. Datos\u00a0<span style=\"text-align: var(--text-align); font-size: 1rem;\">Tambi\u00e9n puede utilizarse para establecer la responsabilidad en caso de delitos cibern\u00e9ticos contra la\u00a0<\/span><span style=\"text-align: var(--text-align); font-size: 1rem;\">sitio (condiciones de uso del sitio).\u00a0<\/span><\/p><p><span style=\"text-align: var(--text-align); font-size: 1rem;\">Periodo de conservaci\u00f3n: los datos se conservan generalmente durante periodos cortos de tiempo [12 meses],\u00a0<\/span><span style=\"text-align: var(--text-align); font-size: 1rem;\">salvo posibles pr\u00f3rrogas relacionadas con actividades de investigaci\u00f3n.<\/span><\/p><p>Disposici\u00f3n: los datos son adquiridos autom\u00e1ticamente por los sistemas tecnol\u00f3gicos del sitio web.<\/p><p>\u00a0<\/p><h3><b>2. Cookie<\/b><\/h3><p>La pol\u00edtica de cookies de la Compa\u00f1\u00eda est\u00e1 disponible aqu\u00ed\u00a0<span style=\"text-align: var(--text-align); font-size: 1rem;\">3 Contactos y Datos Facilitados Voluntariamente por el Usuario al Utilizar el Sitio Web.\u00a0<\/span><span style=\"text-align: var(--text-align); font-size: 1rem;\">El env\u00edo opcional, expl\u00edcito y voluntario por parte del usuario de:<\/span><\/p><p>*Rellenar formularios para solicitar informaci\u00f3n, materiales o participar en eventos (por ejemplo, webinars o conferencias).<br \/>* Env\u00edo de correos electr\u00f3nicos y\/o correo ordinario a la Compa\u00f1\u00eda a trav\u00e9s de los datos de contacto que se encuentran en el sitio web<br \/>implica la posterior adquisici\u00f3n y uso de datos personales para cumplir con las finalidades derivadas de las solicitudes del usuario. Los datos personales se conservar\u00e1n durante periodos compatibles con la finalidad de la recopilaci\u00f3n.<\/p><p>* Finalidad y base legal del tratamiento: responder a las consultas del solicitante (contrato).<br \/>* Plazo de conservaci\u00f3n: una vez finalizada la relaci\u00f3n con el solicitante [m\u00e1ximo 12 meses].<br \/>* Disposici\u00f3n: necesaria para responder a las solicitudes del solicitante.<\/p><h2><b>MODOS DE USO DE LOS DATOS PERSONALES<\/b><\/h2><p>El tratamiento de datos se realiza mediante herramientas manuales, inform\u00e1ticas, electr\u00f3nicas o automatizadas, directamente por el Responsable del Tratamiento o por terceros (que act\u00faan como responsables independientes, forman parte de la denominada cadena de seguros o son designados por el Responsable del Tratamiento). Los datos se tratan durante el tiempo necesario para lograr las finalidades mencionadas anteriormente y dentro de los l\u00edmites prescritos por la ley o por las directivas de la Autoridad de Protecci\u00f3n de Datos. El tratamiento de datos se realiza mediante\u00a0<span style=\"text-align: var(--text-align); font-size: 1rem;\">medidas de seguridad t\u00e9cnicas y organizativas adecuadas al nivel de riesgo,\u00a0<\/span><span style=\"text-align: var(--text-align); font-size: 1rem;\">para minimizar los riesgos de destrucci\u00f3n o p\u00e9rdida, alteraci\u00f3n, acceso no autorizado o\u00a0<\/span><span style=\"text-align: var(--text-align); font-size: 1rem;\">tratamiento no conforme a los fines de la recogida.<\/span><\/p><h2><b>DERECHOS PREVISTOS POR LA LEY<\/b><\/h2><p>La ley garantiza una serie de derechos en relaci\u00f3n con sus datos personales. La Empresa se compromete a proteger los datos personales y a cumplir con la legislaci\u00f3n vigente en materia de privacidad de datos. Puede obtener m\u00e1s informaci\u00f3n y asesoramiento sobre estos derechos de la autoridad nacional responsable de la protecci\u00f3n de datos.<\/p><p><b>Derechos \u00bfQu\u00e9 significa?<\/b><\/p><p><b><br \/>1. Derecho a la informaci\u00f3n: <\/b>El derecho del usuario a recibir informaci\u00f3n clara, transparente y f\u00e1cilmente comprensible sobre el uso de sus datos personales y sus derechos. Por ello, se proporciona la informaci\u00f3n contenida en esta Pol\u00edtica.<br \/><b>2. Derecho de acceso: <\/b>El derecho del usuario a acceder a sus datos (si estos se est\u00e1n procesando) y a otra informaci\u00f3n (como la proporcionada en esta pol\u00edtica de privacidad). El objetivo es garantizar que el usuario conozca y pueda verificar si sus datos personales se utilizan de acuerdo con la legislaci\u00f3n en materia de privacidad de datos.<br \/><b>3. Derecho de rectificaci\u00f3n<\/b>: El derecho del usuario a que se corrija su informaci\u00f3n en caso de ser inexacta o incompleta.<br \/><b>4. Derecho de supresi\u00f3n o derecho al olvido: <\/b>El derecho del usuario a solicitar la eliminaci\u00f3n de datos cuando no exista una raz\u00f3n v\u00e1lida para su uso continuado. Este derecho no es indiscriminado, ya que est\u00e1 limitado por excepciones.<br \/><b>5. Right to Restrict Data Processing: <\/b>El derecho del usuario a bloquear o suprimir el uso posterior de su informaci\u00f3n. Cuando se restringe el procesamiento de datos, la Empresa puede conservar la informaci\u00f3n, pero no puede seguir utiliz\u00e1ndola. La Empresa mantiene listas de las personas que han solicitado el bloqueo del uso posterior de su informaci\u00f3n para garantizar que esta restricci\u00f3n se respete en el futuro.<br \/><b>6. Derecho a la portabilidad de datos: <\/b>El derecho del usuario a obtener y reutilizar sus datos personales para sus propios fines en diferentes servicios. Por ejemplo, si decide cambiar de proveedor, este derecho le permite mover, copiar o transferir informaci\u00f3n f\u00e1cilmente entre los sistemas inform\u00e1ticos de la empresa y los de terceros de forma segura, sin afectar la usabilidad.<br \/><b>7. Derecho a oponerse al tratamiento: <\/b>El derecho del usuario a oponerse al tratamiento con fines de marketing directo (que solo se realiza con el consentimiento previo) y a\u00a0<span style=\"text-align: var(--text-align); font-size: 1rem;\">tratamiento que se lleva a cabo con el fin de proteger los intereses leg\u00edtimos\u00a0<\/span><span style=\"text-align: var(--text-align); font-size: 1rem;\">intereses de la Compa\u00f1\u00eda.<\/span><\/p><p><b style=\"text-align: var(--text-align); font-size: 1rem;\">8. Derecho a presentar reclamaciones:<\/b><span style=\"text-align: var(--text-align); font-size: 1rem;\"> El derecho del usuario a presentar una reclamaci\u00f3n sobre la\u00a0<\/span><span style=\"text-align: var(--text-align); font-size: 1rem;\">forma en que la Compa\u00f1\u00eda procesa o maneja sus datos personales con la nacionalidad\u00a0<\/span><span style=\"text-align: var(--text-align); font-size: 1rem;\">autoridad de protecci\u00f3n de datos.<\/span><\/p><p><b>9. Derecho a retirar el consentimiento: <\/b>El usuario tiene derecho a revocar su consentimiento en cualquier momento, previamente otorgado, para cualquier actividad que implique el tratamiento de sus datos personales. El ejercicio de este derecho no afecta a la licitud del tratamiento basado en el consentimiento previo a su revocaci\u00f3n. Esto tambi\u00e9n puede incluir la revocaci\u00f3n del consentimiento para el uso de datos personales \u00fanicamente con fines de marketing, mediante solicitud dirigida a la Empresa. Para ejercer sus derechos, el interesado puede contactar con el Delegado de Protecci\u00f3n de Datos (DPD) de la Empresa en: <b>info@rfidmastergroup.com<\/b><\/p>\t\t\t\t\t\t\t\t<\/div>\n\t\t\t\t<\/div>\n\t\t\t\t\t<\/div>\n\t\t\t\t<\/div>\n\t\t\t\t<\/div>","protected":false},"excerpt":{"rendered":"<p>Privacy Policy This privacy policy (hereafter \u201cPolicy\u201d) explains the reasons, methods of collection, and management of personal data related to the customers of RFID MASTER GROUP and how their protection is ensured. DATA CONTROLLER RFID MASTER GROUP (hereafter also referred to as \u201cthe Company\u201d) acts as the data controller and can be contacted through its [&hellip;]<\/p>","protected":false},"author":1,"featured_media":0,"parent":0,"menu_order":0,"comment_status":"closed","ping_status":"closed","template":"","meta":{"footnotes":""},"class_list":["post-1239","page","type-page","status-publish","hentry"],"yoast_head":"<!-- This site is optimized with the Yoast SEO plugin v25.9 - https:\/\/yoast.com\/wordpress\/plugins\/seo\/ -->\n<title>Privacy Policy - RFID MASTER GROUP<\/title>\n<meta name=\"robots\" content=\"index, follow, max-snippet:-1, max-image-preview:large, max-video-preview:-1\" \/>\n<link rel=\"canonical\" href=\"https:\/\/rfidmastergroup.com\/es\/legal-notice-copy\/\" \/>\n<meta property=\"og:locale\" content=\"es_ES\" \/>\n<meta property=\"og:type\" content=\"article\" \/>\n<meta property=\"og:title\" content=\"Privacy Policy - RFID MASTER GROUP\" \/>\n<meta property=\"og:description\" content=\"Privacy Policy This privacy policy (hereafter \u201cPolicy\u201d) explains the reasons, methods of collection, and management of personal data related to the customers of RFID MASTER GROUP and how their protection is ensured. DATA CONTROLLER RFID MASTER GROUP (hereafter also referred to as \u201cthe Company\u201d) acts as the data controller and can be contacted through its [&hellip;]\" \/>\n<meta property=\"og:url\" content=\"https:\/\/rfidmastergroup.com\/es\/legal-notice-copy\/\" \/>\n<meta property=\"og:site_name\" content=\"RFID MASTER GROUP\" \/>\n<meta property=\"article:modified_time\" content=\"2025-04-08T10:30:49+00:00\" \/>\n<meta name=\"twitter:card\" content=\"summary_large_image\" \/>\n<meta name=\"twitter:label1\" content=\"Tiempo de lectura\" \/>\n\t<meta name=\"twitter:data1\" content=\"6 minutos\" \/>\n<script type=\"application\/ld+json\" class=\"yoast-schema-graph\">{\"@context\":\"https:\/\/schema.org\",\"@graph\":[{\"@type\":\"WebPage\",\"@id\":\"https:\/\/rfidmastergroup.com\/legal-notice-copy\/\",\"url\":\"https:\/\/rfidmastergroup.com\/legal-notice-copy\/\",\"name\":\"Privacy Policy - RFID MASTER GROUP\",\"isPartOf\":{\"@id\":\"https:\/\/www.rfidmastergroup.com\/#website\"},\"datePublished\":\"2025-04-08T10:24:48+00:00\",\"dateModified\":\"2025-04-08T10:30:49+00:00\",\"breadcrumb\":{\"@id\":\"https:\/\/rfidmastergroup.com\/legal-notice-copy\/#breadcrumb\"},\"inLanguage\":\"es\",\"potentialAction\":[{\"@type\":\"ReadAction\",\"target\":[\"https:\/\/rfidmastergroup.com\/legal-notice-copy\/\"]}]},{\"@type\":\"BreadcrumbList\",\"@id\":\"https:\/\/rfidmastergroup.com\/legal-notice-copy\/#breadcrumb\",\"itemListElement\":[{\"@type\":\"ListItem\",\"position\":1,\"name\":\"Portada\",\"item\":\"https:\/\/rfidmastergroup.com\/\"},{\"@type\":\"ListItem\",\"position\":2,\"name\":\"Privacy Policy\"}]},{\"@type\":\"WebSite\",\"@id\":\"https:\/\/www.rfidmastergroup.com\/#website\",\"url\":\"https:\/\/www.rfidmastergroup.com\/\",\"name\":\"https:\/\/rfidmastergroup.com\/\",\"description\":\"\",\"publisher\":{\"@id\":\"https:\/\/www.rfidmastergroup.com\/#organization\"},\"alternateName\":\"RFID Master Group\",\"potentialAction\":[{\"@type\":\"SearchAction\",\"target\":{\"@type\":\"EntryPoint\",\"urlTemplate\":\"https:\/\/www.rfidmastergroup.com\/?s={search_term_string}\"},\"query-input\":{\"@type\":\"PropertyValueSpecification\",\"valueRequired\":true,\"valueName\":\"search_term_string\"}}],\"inLanguage\":\"es\"},{\"@type\":\"Organization\",\"@id\":\"https:\/\/www.rfidmastergroup.com\/#organization\",\"name\":\"RFID MASTER GROUP\",\"url\":\"https:\/\/www.rfidmastergroup.com\/\",\"logo\":{\"@type\":\"ImageObject\",\"inLanguage\":\"es\",\"@id\":\"https:\/\/www.rfidmastergroup.com\/#\/schema\/logo\/image\/\",\"url\":\"https:\/\/rfidmastergroup.com\/wp-content\/uploads\/2025\/03\/RFID_LOGO-2-NARANJAAZUL_Sinfondo.png\",\"contentUrl\":\"https:\/\/rfidmastergroup.com\/wp-content\/uploads\/2025\/03\/RFID_LOGO-2-NARANJAAZUL_Sinfondo.png\",\"width\":2912,\"height\":458,\"caption\":\"RFID MASTER GROUP\"},\"image\":{\"@id\":\"https:\/\/www.rfidmastergroup.com\/#\/schema\/logo\/image\/\"}}]}<\/script>\n<!-- \/ Yoast SEO plugin. -->","yoast_head_json":{"title":"Privacy Policy - RFID MASTER GROUP","robots":{"index":"index","follow":"follow","max-snippet":"max-snippet:-1","max-image-preview":"max-image-preview:large","max-video-preview":"max-video-preview:-1"},"canonical":"https:\/\/rfidmastergroup.com\/es\/legal-notice-copy\/","og_locale":"es_ES","og_type":"article","og_title":"Privacy Policy - RFID MASTER GROUP","og_description":"Privacy Policy This privacy policy (hereafter \u201cPolicy\u201d) explains the reasons, methods of collection, and management of personal data related to the customers of RFID MASTER GROUP and how their protection is ensured. DATA CONTROLLER RFID MASTER GROUP (hereafter also referred to as \u201cthe Company\u201d) acts as the data controller and can be contacted through its [&hellip;]","og_url":"https:\/\/rfidmastergroup.com\/es\/legal-notice-copy\/","og_site_name":"RFID MASTER GROUP","article_modified_time":"2025-04-08T10:30:49+00:00","twitter_card":"summary_large_image","twitter_misc":{"Tiempo de lectura":"6 minutos"},"schema":{"@context":"https:\/\/schema.org","@graph":[{"@type":"WebPage","@id":"https:\/\/rfidmastergroup.com\/legal-notice-copy\/","url":"https:\/\/rfidmastergroup.com\/legal-notice-copy\/","name":"Privacy Policy - RFID MASTER GROUP","isPartOf":{"@id":"https:\/\/www.rfidmastergroup.com\/#website"},"datePublished":"2025-04-08T10:24:48+00:00","dateModified":"2025-04-08T10:30:49+00:00","breadcrumb":{"@id":"https:\/\/rfidmastergroup.com\/legal-notice-copy\/#breadcrumb"},"inLanguage":"es","potentialAction":[{"@type":"ReadAction","target":["https:\/\/rfidmastergroup.com\/legal-notice-copy\/"]}]},{"@type":"BreadcrumbList","@id":"https:\/\/rfidmastergroup.com\/legal-notice-copy\/#breadcrumb","itemListElement":[{"@type":"ListItem","position":1,"name":"Portada","item":"https:\/\/rfidmastergroup.com\/"},{"@type":"ListItem","position":2,"name":"Privacy Policy"}]},{"@type":"WebSite","@id":"https:\/\/www.rfidmastergroup.com\/#website","url":"https:\/\/www.rfidmastergroup.com\/","name":"https:\/\/rfidmastergroup.com\/","description":"","publisher":{"@id":"https:\/\/www.rfidmastergroup.com\/#organization"},"alternateName":"RFID Master Group","potentialAction":[{"@type":"SearchAction","target":{"@type":"EntryPoint","urlTemplate":"https:\/\/www.rfidmastergroup.com\/?s={search_term_string}"},"query-input":{"@type":"PropertyValueSpecification","valueRequired":true,"valueName":"search_term_string"}}],"inLanguage":"es"},{"@type":"Organization","@id":"https:\/\/www.rfidmastergroup.com\/#organization","name":"RFID MASTER GROUP","url":"https:\/\/www.rfidmastergroup.com\/","logo":{"@type":"ImageObject","inLanguage":"es","@id":"https:\/\/www.rfidmastergroup.com\/#\/schema\/logo\/image\/","url":"https:\/\/rfidmastergroup.com\/wp-content\/uploads\/2025\/03\/RFID_LOGO-2-NARANJAAZUL_Sinfondo.png","contentUrl":"https:\/\/rfidmastergroup.com\/wp-content\/uploads\/2025\/03\/RFID_LOGO-2-NARANJAAZUL_Sinfondo.png","width":2912,"height":458,"caption":"RFID MASTER GROUP"},"image":{"@id":"https:\/\/www.rfidmastergroup.com\/#\/schema\/logo\/image\/"}}]}},"_links":{"self":[{"href":"https:\/\/rfidmastergroup.com\/es\/wp-json\/wp\/v2\/pages\/1239","targetHints":{"allow":["GET"]}}],"collection":[{"href":"https:\/\/rfidmastergroup.com\/es\/wp-json\/wp\/v2\/pages"}],"about":[{"href":"https:\/\/rfidmastergroup.com\/es\/wp-json\/wp\/v2\/types\/page"}],"author":[{"embeddable":true,"href":"https:\/\/rfidmastergroup.com\/es\/wp-json\/wp\/v2\/users\/1"}],"replies":[{"embeddable":true,"href":"https:\/\/rfidmastergroup.com\/es\/wp-json\/wp\/v2\/comments?post=1239"}],"version-history":[{"count":9,"href":"https:\/\/rfidmastergroup.com\/es\/wp-json\/wp\/v2\/pages\/1239\/revisions"}],"predecessor-version":[{"id":1248,"href":"https:\/\/rfidmastergroup.com\/es\/wp-json\/wp\/v2\/pages\/1239\/revisions\/1248"}],"wp:attachment":[{"href":"https:\/\/rfidmastergroup.com\/es\/wp-json\/wp\/v2\/media?parent=1239"}],"curies":[{"name":"wp","href":"https:\/\/api.w.org\/{rel}","templated":true}]}}