{"id":591,"date":"2025-03-24T11:04:32","date_gmt":"2025-03-24T11:04:32","guid":{"rendered":"https:\/\/rfidmastergroup.com\/?page_id=591"},"modified":"2025-03-24T11:14:45","modified_gmt":"2025-03-24T11:14:45","slug":"rfid-categories","status":"publish","type":"page","link":"https:\/\/rfidmastergroup.com\/es\/rfid-categories\/","title":{"rendered":"Categor\u00edas de RFID"},"content":{"rendered":"<div data-elementor-type=\"wp-page\" data-elementor-id=\"591\" class=\"elementor elementor-591\" data-elementor-post-type=\"page\">\n\t\t\t\t\t\t<section class=\"elementor-section elementor-top-section elementor-element elementor-element-a138b43 elementor-section-full_width elementor-section-height-default elementor-section-height-default\" data-id=\"a138b43\" data-element_type=\"section\" data-e-type=\"section\">\n\t\t\t\t\t\t<div class=\"elementor-container elementor-column-gap-no\">\n\t\t\t\t\t<div class=\"elementor-column elementor-col-100 elementor-top-column elementor-element elementor-element-608028e9\" data-id=\"608028e9\" data-element_type=\"column\" data-e-type=\"column\" data-settings=\"{&quot;background_background&quot;:&quot;classic&quot;}\">\n\t\t\t<div class=\"elementor-widget-wrap elementor-element-populated\">\n\t\t\t\t\t\t<section class=\"elementor-section elementor-inner-section elementor-element elementor-element-3d4c6650 elementor-section-boxed elementor-section-height-default elementor-section-height-default\" data-id=\"3d4c6650\" data-element_type=\"section\" data-e-type=\"section\">\n\t\t\t\t\t\t<div class=\"elementor-container elementor-column-gap-no\">\n\t\t\t\t\t<div class=\"elementor-column elementor-col-100 elementor-inner-column elementor-element elementor-element-63fc2ad\" data-id=\"63fc2ad\" data-element_type=\"column\" data-e-type=\"column\">\n\t\t\t<div class=\"elementor-widget-wrap elementor-element-populated\">\n\t\t\t\t\t\t<div class=\"elementor-element elementor-element-392089bd elementor-widget elementor-widget-heading\" data-id=\"392089bd\" data-element_type=\"widget\" data-e-type=\"widget\" data-widget_type=\"heading.default\">\n\t\t\t\t<div class=\"elementor-widget-container\">\n\t\t\t\t\t<h2 class=\"elementor-heading-title elementor-size-default\">Categor\u00edas de RFID<\/h2>\t\t\t\t<\/div>\n\t\t\t\t<\/div>\n\t\t\t\t<div class=\"elementor-element elementor-element-60dbf918 elementor-widget__width-auto elementor-widget elementor-widget-button\" data-id=\"60dbf918\" data-element_type=\"widget\" data-e-type=\"widget\" data-widget_type=\"button.default\">\n\t\t\t\t<div class=\"elementor-widget-container\">\n\t\t\t\t\t\t\t\t\t<div class=\"elementor-button-wrapper\">\n\t\t\t\t\t<a class=\"elementor-button elementor-button-link elementor-size-sm\" href=\"https:\/\/rfidmastergroup.com\/es\/rfid-labels-tags\/\">\n\t\t\t\t\t\t<span class=\"elementor-button-content-wrapper\">\n\t\t\t\t\t\t\t\t\t<span class=\"elementor-button-text\">Ver m\u00e1s<\/span>\n\t\t\t\t\t<\/span>\n\t\t\t\t\t<\/a>\n\t\t\t\t<\/div>\n\t\t\t\t\t\t\t\t<\/div>\n\t\t\t\t<\/div>\n\t\t\t\t<div class=\"elementor-element elementor-element-3bf07102 elementor-widget__width-auto elementor-widget elementor-widget-button\" data-id=\"3bf07102\" data-element_type=\"widget\" data-e-type=\"widget\" data-widget_type=\"button.default\">\n\t\t\t\t<div class=\"elementor-widget-container\">\n\t\t\t\t\t\t\t\t\t<div class=\"elementor-button-wrapper\">\n\t\t\t\t\t<a class=\"elementor-button elementor-button-link elementor-size-sm\" href=\"https:\/\/rfidmastergroup.com\/es\/contact\/\">\n\t\t\t\t\t\t<span class=\"elementor-button-content-wrapper\">\n\t\t\t\t\t\t\t\t\t<span class=\"elementor-button-text\">Contacto<\/span>\n\t\t\t\t\t<\/span>\n\t\t\t\t\t<\/a>\n\t\t\t\t<\/div>\n\t\t\t\t\t\t\t\t<\/div>\n\t\t\t\t<\/div>\n\t\t\t\t\t<\/div>\n\t\t<\/div>\n\t\t\t\t\t<\/div>\n\t\t<\/section>\n\t\t\t\t\t<\/div>\n\t\t<\/div>\n\t\t\t\t\t<\/div>\n\t\t<\/section>\n\t\t\t\t<section class=\"elementor-section elementor-top-section elementor-element elementor-element-225a9491 elementor-section-full_width elementor-section-height-default elementor-section-height-default\" data-id=\"225a9491\" data-element_type=\"section\" data-e-type=\"section\">\n\t\t\t\t\t\t<div class=\"elementor-container elementor-column-gap-default\">\n\t\t\t\t\t<div class=\"elementor-column elementor-col-100 elementor-top-column elementor-element elementor-element-53dd5c0f\" data-id=\"53dd5c0f\" data-element_type=\"column\" data-e-type=\"column\" data-settings=\"{&quot;background_background&quot;:&quot;classic&quot;}\">\n\t\t\t<div class=\"elementor-widget-wrap elementor-element-populated\">\n\t\t\t\t\t\t<section class=\"elementor-section elementor-inner-section elementor-element elementor-element-344d8a15 elementor-section-content-middle elementor-section-boxed elementor-section-height-default elementor-section-height-default\" data-id=\"344d8a15\" data-element_type=\"section\" data-e-type=\"section\">\n\t\t\t\t\t\t<div class=\"elementor-container elementor-column-gap-no\">\n\t\t\t\t\t<div class=\"elementor-column elementor-col-66 elementor-inner-column elementor-element elementor-element-52c0295c elementor-invisible\" data-id=\"52c0295c\" data-element_type=\"column\" data-e-type=\"column\" data-settings=\"{&quot;animation&quot;:&quot;fadeInLeft&quot;}\">\n\t\t\t<div class=\"elementor-widget-wrap elementor-element-populated\">\n\t\t\t\t\t\t<div class=\"elementor-element elementor-element-2c4de1b elementor-widget elementor-widget-heading\" data-id=\"2c4de1b\" data-element_type=\"widget\" data-e-type=\"widget\" data-widget_type=\"heading.default\">\n\t\t\t\t<div class=\"elementor-widget-container\">\n\t\t\t\t\t<p class=\"elementor-heading-title elementor-size-default\">Existen diferentes tipos de tecnolog\u00edas RFID dise\u00f1adas para fines espec\u00edficos. Estas son las categor\u00edas principales:\n\n<\/p>\t\t\t\t<\/div>\n\t\t\t\t<\/div>\n\t\t\t\t\t<\/div>\n\t\t<\/div>\n\t\t\t\t<div class=\"elementor-column elementor-col-33 elementor-inner-column elementor-element elementor-element-aa0e46 elementor-hidden-tablet elementor-hidden-mobile\" data-id=\"aa0e46\" data-element_type=\"column\" data-e-type=\"column\">\n\t\t\t<div class=\"elementor-widget-wrap\">\n\t\t\t\t\t\t\t<\/div>\n\t\t<\/div>\n\t\t\t\t\t<\/div>\n\t\t<\/section>\n\t\t\t\t<section class=\"elementor-section elementor-inner-section elementor-element elementor-element-7de1df5f elementor-section-content-middle elementor-section-boxed elementor-section-height-default elementor-section-height-default\" data-id=\"7de1df5f\" data-element_type=\"section\" data-e-type=\"section\">\n\t\t\t\t\t\t<div class=\"elementor-container elementor-column-gap-no\">\n\t\t\t\t\t<div class=\"elementor-column elementor-col-33 elementor-inner-column elementor-element elementor-element-3eb67c71 elementor-invisible\" data-id=\"3eb67c71\" data-element_type=\"column\" data-e-type=\"column\" data-settings=\"{&quot;background_background&quot;:&quot;classic&quot;,&quot;animation&quot;:&quot;fadeInUp&quot;}\">\n\t\t\t<div class=\"elementor-widget-wrap elementor-element-populated\">\n\t\t\t\t\t\t<div class=\"elementor-element elementor-element-2202e83 elementor-widget elementor-widget-heading\" data-id=\"2202e83\" data-element_type=\"widget\" data-e-type=\"widget\" data-widget_type=\"heading.default\">\n\t\t\t\t<div class=\"elementor-widget-container\">\n\t\t\t\t\t<h2 class=\"elementor-heading-title elementor-size-default\">RFID de baja frecuencia (LF) (30\u2013300 kHz)\n<\/h2>\t\t\t\t<\/div>\n\t\t\t\t<\/div>\n\t\t\t\t<div class=\"elementor-element elementor-element-645c09d3 elementor-widget elementor-widget-text-editor\" data-id=\"645c09d3\" data-element_type=\"widget\" data-e-type=\"widget\" data-widget_type=\"text-editor.default\">\n\t\t\t\t<div class=\"elementor-widget-container\">\n\t\t\t\t\t\t\t\t\t<p><strong>Uso t\u00edpico:<\/strong> Rastreo de animales, control de acceso, automatizaci\u00f3n industrial.<\/p>\t\t\t\t\t\t\t\t<\/div>\n\t\t\t\t<\/div>\n\t\t\t\t<div class=\"elementor-element elementor-element-40b78af elementor-widget-divider--view-line elementor-widget elementor-widget-divider\" data-id=\"40b78af\" data-element_type=\"widget\" data-e-type=\"widget\" data-widget_type=\"divider.default\">\n\t\t\t\t<div class=\"elementor-widget-container\">\n\t\t\t\t\t\t\t<div class=\"elementor-divider\">\n\t\t\t<span class=\"elementor-divider-separator\">\n\t\t\t\t\t\t<\/span>\n\t\t<\/div>\n\t\t\t\t\t\t<\/div>\n\t\t\t\t<\/div>\n\t\t\t\t<div class=\"elementor-element elementor-element-1781bd4 elementor-widget elementor-widget-text-editor\" data-id=\"1781bd4\" data-element_type=\"widget\" data-e-type=\"widget\" data-widget_type=\"text-editor.default\">\n\t\t\t\t<div class=\"elementor-widget-container\">\n\t\t\t\t\t\t\t\t\t<p><strong>Caracter\u00edsticas:<\/strong> Rango de lectura corto (hasta 10 cm), funciona bien con metales y l\u00edquidos.<\/p>\t\t\t\t\t\t\t\t<\/div>\n\t\t\t\t<\/div>\n\t\t\t\t\t<\/div>\n\t\t<\/div>\n\t\t\t\t<div class=\"elementor-column elementor-col-33 elementor-inner-column elementor-element elementor-element-ff6fed6 elementor-invisible\" data-id=\"ff6fed6\" data-element_type=\"column\" data-e-type=\"column\" data-settings=\"{&quot;background_background&quot;:&quot;classic&quot;,&quot;animation&quot;:&quot;fadeInUp&quot;}\">\n\t\t\t<div class=\"elementor-widget-wrap elementor-element-populated\">\n\t\t\t\t\t\t<div class=\"elementor-element elementor-element-0aca9b5 elementor-widget elementor-widget-heading\" data-id=\"0aca9b5\" data-element_type=\"widget\" data-e-type=\"widget\" data-widget_type=\"heading.default\">\n\t\t\t\t<div class=\"elementor-widget-container\">\n\t\t\t\t\t<h2 class=\"elementor-heading-title elementor-size-default\">RFID de alta frecuencia (HF) (3-30 MHz)<\/h2>\t\t\t\t<\/div>\n\t\t\t\t<\/div>\n\t\t\t\t<div class=\"elementor-element elementor-element-41fc776 elementor-widget elementor-widget-text-editor\" data-id=\"41fc776\" data-element_type=\"widget\" data-e-type=\"widget\" data-widget_type=\"text-editor.default\">\n\t\t\t\t<div class=\"elementor-widget-container\">\n\t\t\t\t\t\t\t\t\t<p><strong>Uso t\u00edpico:<\/strong> Seguimiento de inventario, sistemas de pago (NFC), sistemas de bibliotecas.<\/p>\t\t\t\t\t\t\t\t<\/div>\n\t\t\t\t<\/div>\n\t\t\t\t<div class=\"elementor-element elementor-element-58f2da2 elementor-widget-divider--view-line elementor-widget elementor-widget-divider\" data-id=\"58f2da2\" data-element_type=\"widget\" data-e-type=\"widget\" data-widget_type=\"divider.default\">\n\t\t\t\t<div class=\"elementor-widget-container\">\n\t\t\t\t\t\t\t<div class=\"elementor-divider\">\n\t\t\t<span class=\"elementor-divider-separator\">\n\t\t\t\t\t\t<\/span>\n\t\t<\/div>\n\t\t\t\t\t\t<\/div>\n\t\t\t\t<\/div>\n\t\t\t\t<div class=\"elementor-element elementor-element-97a5651 elementor-widget elementor-widget-text-editor\" data-id=\"97a5651\" data-element_type=\"widget\" data-e-type=\"widget\" data-widget_type=\"text-editor.default\">\n\t\t\t\t<div class=\"elementor-widget-container\">\n\t\t\t\t\t\t\t\t\t<p><b>Caracter\u00edsticas: <\/b>Rango de lectura de hasta 1 metro, ideal para aplicaciones que necesitan distancia moderada y tiempos de lectura r\u00e1pidos.<\/p>\t\t\t\t\t\t\t\t<\/div>\n\t\t\t\t<\/div>\n\t\t\t\t\t<\/div>\n\t\t<\/div>\n\t\t\t\t<div class=\"elementor-column elementor-col-33 elementor-inner-column elementor-element elementor-element-e624db0 elementor-invisible\" data-id=\"e624db0\" data-element_type=\"column\" data-e-type=\"column\" data-settings=\"{&quot;background_background&quot;:&quot;classic&quot;,&quot;animation&quot;:&quot;fadeInUp&quot;}\">\n\t\t\t<div class=\"elementor-widget-wrap elementor-element-populated\">\n\t\t\t\t\t\t<div class=\"elementor-element elementor-element-5e46469 elementor-widget elementor-widget-heading\" data-id=\"5e46469\" data-element_type=\"widget\" data-e-type=\"widget\" data-widget_type=\"heading.default\">\n\t\t\t\t<div class=\"elementor-widget-container\">\n\t\t\t\t\t<h2 class=\"elementor-heading-title elementor-size-default\">RFID de ultraalta frecuencia (UHF) (300 MHz-3 GHz)<\/h2>\t\t\t\t<\/div>\n\t\t\t\t<\/div>\n\t\t\t\t<div class=\"elementor-element elementor-element-0f6d7f6 elementor-widget elementor-widget-text-editor\" data-id=\"0f6d7f6\" data-element_type=\"widget\" data-e-type=\"widget\" data-widget_type=\"text-editor.default\">\n\t\t\t\t<div class=\"elementor-widget-container\">\n\t\t\t\t\t\t\t\t\t<p><strong>Uso t\u00edpico:<\/strong> Gesti\u00f3n de la cadena de suministro, log\u00edstica, sistemas antirrobo en el comercio minorista.<\/p>\t\t\t\t\t\t\t\t<\/div>\n\t\t\t\t<\/div>\n\t\t\t\t<div class=\"elementor-element elementor-element-0c69c2b elementor-widget-divider--view-line elementor-widget elementor-widget-divider\" data-id=\"0c69c2b\" data-element_type=\"widget\" data-e-type=\"widget\" data-widget_type=\"divider.default\">\n\t\t\t\t<div class=\"elementor-widget-container\">\n\t\t\t\t\t\t\t<div class=\"elementor-divider\">\n\t\t\t<span class=\"elementor-divider-separator\">\n\t\t\t\t\t\t<\/span>\n\t\t<\/div>\n\t\t\t\t\t\t<\/div>\n\t\t\t\t<\/div>\n\t\t\t\t<div class=\"elementor-element elementor-element-2bc356b elementor-widget elementor-widget-text-editor\" data-id=\"2bc356b\" data-element_type=\"widget\" data-e-type=\"widget\" data-widget_type=\"text-editor.default\">\n\t\t\t\t<div class=\"elementor-widget-container\">\n\t\t\t\t\t\t\t\t\t<p><b>Caracter\u00edsticas: <\/b>Largo alcance de lectura (hasta 12 metros), admite escaneo de alta velocidad, ampliamente utilizado en aplicaciones comerciales e industriales.<\/p>\t\t\t\t\t\t\t\t<\/div>\n\t\t\t\t<\/div>\n\t\t\t\t\t<\/div>\n\t\t<\/div>\n\t\t\t\t\t<\/div>\n\t\t<\/section>\n\t\t\t\t<section class=\"elementor-section elementor-inner-section elementor-element elementor-element-f99f511 elementor-section-content-middle elementor-section-boxed elementor-section-height-default elementor-section-height-default\" data-id=\"f99f511\" data-element_type=\"section\" data-e-type=\"section\">\n\t\t\t\t\t\t<div class=\"elementor-container elementor-column-gap-no\">\n\t\t\t\t\t<div class=\"elementor-column elementor-col-50 elementor-inner-column elementor-element elementor-element-e3852a8 elementor-invisible\" data-id=\"e3852a8\" data-element_type=\"column\" data-e-type=\"column\" data-settings=\"{&quot;background_background&quot;:&quot;classic&quot;,&quot;animation&quot;:&quot;fadeInUp&quot;}\">\n\t\t\t<div class=\"elementor-widget-wrap elementor-element-populated\">\n\t\t\t\t\t\t<div class=\"elementor-element elementor-element-d5f66f9 elementor-widget elementor-widget-heading\" data-id=\"d5f66f9\" data-element_type=\"widget\" data-e-type=\"widget\" data-widget_type=\"heading.default\">\n\t\t\t\t<div class=\"elementor-widget-container\">\n\t\t\t\t\t<h2 class=\"elementor-heading-title elementor-size-default\">RFID activo<\/h2>\t\t\t\t<\/div>\n\t\t\t\t<\/div>\n\t\t\t\t<div class=\"elementor-element elementor-element-3dfaa01 elementor-widget elementor-widget-text-editor\" data-id=\"3dfaa01\" data-element_type=\"widget\" data-e-type=\"widget\" data-widget_type=\"text-editor.default\">\n\t\t\t\t<div class=\"elementor-widget-container\">\n\t\t\t\t\t\t\t\t\t<p><strong>Uso t\u00edpico:<\/strong> Seguimiento de veh\u00edculos, seguimiento de activos grandes, seguimiento de contenedores.<\/p>\t\t\t\t\t\t\t\t<\/div>\n\t\t\t\t<\/div>\n\t\t\t\t<div class=\"elementor-element elementor-element-8ded28c elementor-widget-divider--view-line elementor-widget elementor-widget-divider\" data-id=\"8ded28c\" data-element_type=\"widget\" data-e-type=\"widget\" data-widget_type=\"divider.default\">\n\t\t\t\t<div class=\"elementor-widget-container\">\n\t\t\t\t\t\t\t<div class=\"elementor-divider\">\n\t\t\t<span class=\"elementor-divider-separator\">\n\t\t\t\t\t\t<\/span>\n\t\t<\/div>\n\t\t\t\t\t\t<\/div>\n\t\t\t\t<\/div>\n\t\t\t\t<div class=\"elementor-element elementor-element-6fd5a5b elementor-widget elementor-widget-text-editor\" data-id=\"6fd5a5b\" data-element_type=\"widget\" data-e-type=\"widget\" data-widget_type=\"text-editor.default\">\n\t\t\t\t<div class=\"elementor-widget-container\">\n\t\t\t\t\t\t\t\t\t<p><strong>Caracter\u00edsticas:<\/strong> Contiene una bater\u00eda que alimenta la etiqueta ofreciendo largos rangos de lectura (hasta 100 metros).<\/p>\t\t\t\t\t\t\t\t<\/div>\n\t\t\t\t<\/div>\n\t\t\t\t\t<\/div>\n\t\t<\/div>\n\t\t\t\t<div class=\"elementor-column elementor-col-50 elementor-inner-column elementor-element elementor-element-f943323 elementor-invisible\" data-id=\"f943323\" data-element_type=\"column\" data-e-type=\"column\" data-settings=\"{&quot;background_background&quot;:&quot;classic&quot;,&quot;animation&quot;:&quot;fadeInUp&quot;}\">\n\t\t\t<div class=\"elementor-widget-wrap elementor-element-populated\">\n\t\t\t\t\t\t<div class=\"elementor-element elementor-element-c519fea elementor-widget elementor-widget-heading\" data-id=\"c519fea\" data-element_type=\"widget\" data-e-type=\"widget\" data-widget_type=\"heading.default\">\n\t\t\t\t<div class=\"elementor-widget-container\">\n\t\t\t\t\t<h2 class=\"elementor-heading-title elementor-size-default\">RFID pasivo<\/h2>\t\t\t\t<\/div>\n\t\t\t\t<\/div>\n\t\t\t\t<div class=\"elementor-element elementor-element-2720223 elementor-widget elementor-widget-text-editor\" data-id=\"2720223\" data-element_type=\"widget\" data-e-type=\"widget\" data-widget_type=\"text-editor.default\">\n\t\t\t\t<div class=\"elementor-widget-container\">\n\t\t\t\t\t\t\t\t\t<p><strong>Uso t\u00edpico:<\/strong> Seguimiento de inventario, control de acceso, identificaci\u00f3n de productos.<\/p>\t\t\t\t\t\t\t\t<\/div>\n\t\t\t\t<\/div>\n\t\t\t\t<div class=\"elementor-element elementor-element-edb1da1 elementor-widget-divider--view-line elementor-widget elementor-widget-divider\" data-id=\"edb1da1\" data-element_type=\"widget\" data-e-type=\"widget\" data-widget_type=\"divider.default\">\n\t\t\t\t<div class=\"elementor-widget-container\">\n\t\t\t\t\t\t\t<div class=\"elementor-divider\">\n\t\t\t<span class=\"elementor-divider-separator\">\n\t\t\t\t\t\t<\/span>\n\t\t<\/div>\n\t\t\t\t\t\t<\/div>\n\t\t\t\t<\/div>\n\t\t\t\t<div class=\"elementor-element elementor-element-1ed2b7a elementor-widget elementor-widget-text-editor\" data-id=\"1ed2b7a\" data-element_type=\"widget\" data-e-type=\"widget\" data-widget_type=\"text-editor.default\">\n\t\t\t\t<div class=\"elementor-widget-container\">\n\t\t\t\t\t\t\t\t\t<p><span style=\"font-family: -apple-system, BlinkMacSystemFont, 'Segoe UI', Roboto, 'Helvetica Neue', Arial, 'Noto Sans', sans-serif, 'Apple Color Emoji', 'Segoe UI Emoji', 'Segoe UI Symbol', 'Noto Color Emoji';\"><strong>Caracter\u00edsticas:<\/strong> Alimentado por el campo electromagn\u00e9tico del lector RFID, rango de lectura m\u00e1s corto pero menor costo y mayor durabilidad.<\/span><\/p>\t\t\t\t\t\t\t\t<\/div>\n\t\t\t\t<\/div>\n\t\t\t\t\t<\/div>\n\t\t<\/div>\n\t\t\t\t\t<\/div>\n\t\t<\/section>\n\t\t\t\t\t<\/div>\n\t\t<\/div>\n\t\t\t\t\t<\/div>\n\t\t<\/section>\n\t\t\t\t<\/div>","protected":false},"excerpt":{"rendered":"<p>RFID Categories See Labels &#038; Tags Contact There are different types of RFID technologies designed for specific purposes. Here are the main categories: Low-Frequency (LF) RFID (30\u2013300 kHz) Typical Use: Animal tracking, access control, industrial automation. Features: Short reading range (up to 10 cm), works well with metal and liquids. High-Frequency (HF) RFID (3-30MHz) Typical [&hellip;]<\/p>","protected":false},"author":1,"featured_media":0,"parent":0,"menu_order":0,"comment_status":"closed","ping_status":"closed","template":"elementor_header_footer","meta":{"footnotes":""},"class_list":["post-591","page","type-page","status-publish","hentry"],"yoast_head":"<!-- This site is optimized with the Yoast SEO plugin v25.9 - https:\/\/yoast.com\/wordpress\/plugins\/seo\/ -->\n<title>RFID Categories - RFID MASTER GROUP<\/title>\n<meta name=\"robots\" content=\"index, follow, max-snippet:-1, max-image-preview:large, max-video-preview:-1\" \/>\n<link rel=\"canonical\" href=\"https:\/\/rfidmastergroup.com\/es\/rfid-categories\/\" \/>\n<meta property=\"og:locale\" content=\"es_ES\" \/>\n<meta property=\"og:type\" content=\"article\" \/>\n<meta property=\"og:title\" content=\"RFID Categories - RFID MASTER GROUP\" \/>\n<meta property=\"og:description\" content=\"RFID Categories See Labels &#038; Tags Contact There are different types of RFID technologies designed for specific purposes. Here are the main categories: Low-Frequency (LF) RFID (30\u2013300 kHz) Typical Use: Animal tracking, access control, industrial automation. Features: Short reading range (up to 10 cm), works well with metal and liquids. High-Frequency (HF) RFID (3-30MHz) Typical [&hellip;]\" \/>\n<meta property=\"og:url\" content=\"https:\/\/rfidmastergroup.com\/es\/rfid-categories\/\" \/>\n<meta property=\"og:site_name\" content=\"RFID MASTER GROUP\" \/>\n<meta property=\"article:modified_time\" content=\"2025-03-24T11:14:45+00:00\" \/>\n<meta name=\"twitter:card\" content=\"summary_large_image\" \/>\n<meta name=\"twitter:label1\" content=\"Tiempo de lectura\" \/>\n\t<meta name=\"twitter:data1\" content=\"1 minuto\" \/>\n<script type=\"application\/ld+json\" class=\"yoast-schema-graph\">{\"@context\":\"https:\/\/schema.org\",\"@graph\":[{\"@type\":\"WebPage\",\"@id\":\"https:\/\/rfidmastergroup.com\/rfid-categories\/\",\"url\":\"https:\/\/rfidmastergroup.com\/rfid-categories\/\",\"name\":\"RFID Categories - RFID MASTER GROUP\",\"isPartOf\":{\"@id\":\"https:\/\/www.rfidmastergroup.com\/#website\"},\"datePublished\":\"2025-03-24T11:04:32+00:00\",\"dateModified\":\"2025-03-24T11:14:45+00:00\",\"breadcrumb\":{\"@id\":\"https:\/\/rfidmastergroup.com\/rfid-categories\/#breadcrumb\"},\"inLanguage\":\"es\",\"potentialAction\":[{\"@type\":\"ReadAction\",\"target\":[\"https:\/\/rfidmastergroup.com\/rfid-categories\/\"]}]},{\"@type\":\"BreadcrumbList\",\"@id\":\"https:\/\/rfidmastergroup.com\/rfid-categories\/#breadcrumb\",\"itemListElement\":[{\"@type\":\"ListItem\",\"position\":1,\"name\":\"Portada\",\"item\":\"https:\/\/rfidmastergroup.com\/\"},{\"@type\":\"ListItem\",\"position\":2,\"name\":\"RFID Categories\"}]},{\"@type\":\"WebSite\",\"@id\":\"https:\/\/www.rfidmastergroup.com\/#website\",\"url\":\"https:\/\/www.rfidmastergroup.com\/\",\"name\":\"https:\/\/rfidmastergroup.com\/\",\"description\":\"\",\"publisher\":{\"@id\":\"https:\/\/www.rfidmastergroup.com\/#organization\"},\"alternateName\":\"RFID Master Group\",\"potentialAction\":[{\"@type\":\"SearchAction\",\"target\":{\"@type\":\"EntryPoint\",\"urlTemplate\":\"https:\/\/www.rfidmastergroup.com\/?s={search_term_string}\"},\"query-input\":{\"@type\":\"PropertyValueSpecification\",\"valueRequired\":true,\"valueName\":\"search_term_string\"}}],\"inLanguage\":\"es\"},{\"@type\":\"Organization\",\"@id\":\"https:\/\/www.rfidmastergroup.com\/#organization\",\"name\":\"RFID MASTER GROUP\",\"url\":\"https:\/\/www.rfidmastergroup.com\/\",\"logo\":{\"@type\":\"ImageObject\",\"inLanguage\":\"es\",\"@id\":\"https:\/\/www.rfidmastergroup.com\/#\/schema\/logo\/image\/\",\"url\":\"https:\/\/rfidmastergroup.com\/wp-content\/uploads\/2025\/03\/RFID_LOGO-2-NARANJAAZUL_Sinfondo.png\",\"contentUrl\":\"https:\/\/rfidmastergroup.com\/wp-content\/uploads\/2025\/03\/RFID_LOGO-2-NARANJAAZUL_Sinfondo.png\",\"width\":2912,\"height\":458,\"caption\":\"RFID MASTER GROUP\"},\"image\":{\"@id\":\"https:\/\/www.rfidmastergroup.com\/#\/schema\/logo\/image\/\"}}]}<\/script>\n<!-- \/ Yoast SEO plugin. -->","yoast_head_json":{"title":"RFID Categories - RFID MASTER GROUP","robots":{"index":"index","follow":"follow","max-snippet":"max-snippet:-1","max-image-preview":"max-image-preview:large","max-video-preview":"max-video-preview:-1"},"canonical":"https:\/\/rfidmastergroup.com\/es\/rfid-categories\/","og_locale":"es_ES","og_type":"article","og_title":"RFID Categories - RFID MASTER GROUP","og_description":"RFID Categories See Labels &#038; Tags Contact There are different types of RFID technologies designed for specific purposes. Here are the main categories: Low-Frequency (LF) RFID (30\u2013300 kHz) Typical Use: Animal tracking, access control, industrial automation. Features: Short reading range (up to 10 cm), works well with metal and liquids. High-Frequency (HF) RFID (3-30MHz) Typical [&hellip;]","og_url":"https:\/\/rfidmastergroup.com\/es\/rfid-categories\/","og_site_name":"RFID MASTER GROUP","article_modified_time":"2025-03-24T11:14:45+00:00","twitter_card":"summary_large_image","twitter_misc":{"Tiempo de lectura":"1 minuto"},"schema":{"@context":"https:\/\/schema.org","@graph":[{"@type":"WebPage","@id":"https:\/\/rfidmastergroup.com\/rfid-categories\/","url":"https:\/\/rfidmastergroup.com\/rfid-categories\/","name":"RFID Categories - RFID MASTER GROUP","isPartOf":{"@id":"https:\/\/www.rfidmastergroup.com\/#website"},"datePublished":"2025-03-24T11:04:32+00:00","dateModified":"2025-03-24T11:14:45+00:00","breadcrumb":{"@id":"https:\/\/rfidmastergroup.com\/rfid-categories\/#breadcrumb"},"inLanguage":"es","potentialAction":[{"@type":"ReadAction","target":["https:\/\/rfidmastergroup.com\/rfid-categories\/"]}]},{"@type":"BreadcrumbList","@id":"https:\/\/rfidmastergroup.com\/rfid-categories\/#breadcrumb","itemListElement":[{"@type":"ListItem","position":1,"name":"Portada","item":"https:\/\/rfidmastergroup.com\/"},{"@type":"ListItem","position":2,"name":"RFID Categories"}]},{"@type":"WebSite","@id":"https:\/\/www.rfidmastergroup.com\/#website","url":"https:\/\/www.rfidmastergroup.com\/","name":"https:\/\/rfidmastergroup.com\/","description":"","publisher":{"@id":"https:\/\/www.rfidmastergroup.com\/#organization"},"alternateName":"RFID Master Group","potentialAction":[{"@type":"SearchAction","target":{"@type":"EntryPoint","urlTemplate":"https:\/\/www.rfidmastergroup.com\/?s={search_term_string}"},"query-input":{"@type":"PropertyValueSpecification","valueRequired":true,"valueName":"search_term_string"}}],"inLanguage":"es"},{"@type":"Organization","@id":"https:\/\/www.rfidmastergroup.com\/#organization","name":"RFID MASTER GROUP","url":"https:\/\/www.rfidmastergroup.com\/","logo":{"@type":"ImageObject","inLanguage":"es","@id":"https:\/\/www.rfidmastergroup.com\/#\/schema\/logo\/image\/","url":"https:\/\/rfidmastergroup.com\/wp-content\/uploads\/2025\/03\/RFID_LOGO-2-NARANJAAZUL_Sinfondo.png","contentUrl":"https:\/\/rfidmastergroup.com\/wp-content\/uploads\/2025\/03\/RFID_LOGO-2-NARANJAAZUL_Sinfondo.png","width":2912,"height":458,"caption":"RFID MASTER GROUP"},"image":{"@id":"https:\/\/www.rfidmastergroup.com\/#\/schema\/logo\/image\/"}}]}},"_links":{"self":[{"href":"https:\/\/rfidmastergroup.com\/es\/wp-json\/wp\/v2\/pages\/591","targetHints":{"allow":["GET"]}}],"collection":[{"href":"https:\/\/rfidmastergroup.com\/es\/wp-json\/wp\/v2\/pages"}],"about":[{"href":"https:\/\/rfidmastergroup.com\/es\/wp-json\/wp\/v2\/types\/page"}],"author":[{"embeddable":true,"href":"https:\/\/rfidmastergroup.com\/es\/wp-json\/wp\/v2\/users\/1"}],"replies":[{"embeddable":true,"href":"https:\/\/rfidmastergroup.com\/es\/wp-json\/wp\/v2\/comments?post=591"}],"version-history":[{"count":7,"href":"https:\/\/rfidmastergroup.com\/es\/wp-json\/wp\/v2\/pages\/591\/revisions"}],"predecessor-version":[{"id":600,"href":"https:\/\/rfidmastergroup.com\/es\/wp-json\/wp\/v2\/pages\/591\/revisions\/600"}],"wp:attachment":[{"href":"https:\/\/rfidmastergroup.com\/es\/wp-json\/wp\/v2\/media?parent=591"}],"curies":[{"name":"wp","href":"https:\/\/api.w.org\/{rel}","templated":true}]}}