{"id":675,"date":"2025-03-24T12:16:46","date_gmt":"2025-03-24T12:16:46","guid":{"rendered":"https:\/\/rfidmastergroup.com\/?page_id=675"},"modified":"2025-04-08T17:44:29","modified_gmt":"2025-04-08T17:44:29","slug":"news-data","status":"publish","type":"page","link":"https:\/\/rfidmastergroup.com\/es\/news-data\/","title":{"rendered":"News &amp; Data"},"content":{"rendered":"<div data-elementor-type=\"wp-page\" data-elementor-id=\"675\" class=\"elementor elementor-675\" data-elementor-post-type=\"page\">\n\t\t\t\t\t\t<section class=\"elementor-section elementor-top-section elementor-element elementor-element-70b83207 elementor-section-full_width elementor-section-height-default elementor-section-height-default\" data-id=\"70b83207\" data-element_type=\"section\" data-e-type=\"section\">\n\t\t\t\t\t\t<div class=\"elementor-container elementor-column-gap-no\">\n\t\t\t\t\t<div class=\"elementor-column elementor-col-100 elementor-top-column elementor-element elementor-element-7301a8a2\" data-id=\"7301a8a2\" data-element_type=\"column\" data-e-type=\"column\" data-settings=\"{&quot;background_background&quot;:&quot;classic&quot;}\">\n\t\t\t<div class=\"elementor-widget-wrap elementor-element-populated\">\n\t\t\t\t\t<div class=\"elementor-background-overlay\"><\/div>\n\t\t\t\t\t\t<section class=\"elementor-section elementor-inner-section elementor-element elementor-element-1ab0a41e elementor-section-content-middle elementor-section-boxed elementor-section-height-default elementor-section-height-default\" data-id=\"1ab0a41e\" data-element_type=\"section\" data-e-type=\"section\">\n\t\t\t\t\t\t<div class=\"elementor-container elementor-column-gap-no\">\n\t\t\t\t\t<div class=\"elementor-column elementor-col-100 elementor-inner-column elementor-element elementor-element-3e85798f\" data-id=\"3e85798f\" data-element_type=\"column\" data-e-type=\"column\">\n\t\t\t<div class=\"elementor-widget-wrap elementor-element-populated\">\n\t\t\t\t\t\t<div class=\"elementor-element elementor-element-39d056ea elementor-widget__width-auto elementor-widget elementor-widget-heading\" data-id=\"39d056ea\" data-element_type=\"widget\" data-e-type=\"widget\" data-widget_type=\"heading.default\">\n\t\t\t\t<div class=\"elementor-widget-container\">\n\t\t\t\t\t<h2 class=\"elementor-heading-title elementor-size-default\">NEWS&amp;DATA<\/h2>\t\t\t\t<\/div>\n\t\t\t\t<\/div>\n\t\t\t\t\t<\/div>\n\t\t<\/div>\n\t\t\t\t\t<\/div>\n\t\t<\/section>\n\t\t\t\t\t<\/div>\n\t\t<\/div>\n\t\t\t\t\t<\/div>\n\t\t<\/section>\n\t\t<div class=\"elementor-element elementor-element-714c02c e-con-full e-flex e-con e-parent\" data-id=\"714c02c\" data-element_type=\"container\" data-e-type=\"container\">\n\t\t\t\t<div class=\"elementor-element elementor-element-670cbd2 elementor-grid-eael-col-4 elementor-grid-tablet-eael-col-2 elementor-grid-mobile-eael-col-1 elementor-widget elementor-widget-eael-post-grid\" data-id=\"670cbd2\" data-element_type=\"widget\" data-e-type=\"widget\" data-settings=\"{&quot;eael_post_grid_columns&quot;:&quot;eael-col-4&quot;,&quot;eael_post_grid_columns_tablet&quot;:&quot;eael-col-2&quot;,&quot;eael_post_grid_columns_mobile&quot;:&quot;eael-col-1&quot;}\" data-widget_type=\"eael-post-grid.default\">\n\t\t\t\t<div class=\"elementor-widget-container\">\n\t\t\t\t\t<div id=\"eael-post-grid-670cbd2\" class=\"eael-post-grid-container\">\n            <div class=\"eael-post-grid eael-post-appender eael-post-appender-670cbd2 eael-post-grid-style-two\" data-layout-mode=\"grid\"><article class=\"eael-grid-post  eael-post-grid-column eael-pg-post-1218 category-uncategorized\" data-id=\"1218\">\n    <div class=\"eael-grid-post-holder\">\n        <div class=\"eael-grid-post-holder-inner\"><div class=\"eael-entry-media\"><div class=\"eael-entry-overlay fade-in\"><i class=\"fas fa-long-arrow-alt-right\" aria-hidden=\"true\"><\/i><a href=\"https:\/\/rfidmastergroup.com\/es\/market-data\/\"><\/a><\/div><div class=\"eael-entry-thumbnail\">\n                            <img fetchpriority=\"high\" decoding=\"async\" width=\"768\" height=\"512\" src=\"https:\/\/rfidmastergroup.com\/wp-content\/uploads\/2025\/04\/7a-768x512.jpg\" class=\"attachment-medium_large size-medium_large wp-image-815\" alt=\"\" srcset=\"https:\/\/rfidmastergroup.com\/wp-content\/uploads\/2025\/04\/7a-768x512.jpg 768w, https:\/\/rfidmastergroup.com\/wp-content\/uploads\/2025\/04\/7a-300x200.jpg 300w, https:\/\/rfidmastergroup.com\/wp-content\/uploads\/2025\/04\/7a-1024x683.jpg 1024w, https:\/\/rfidmastergroup.com\/wp-content\/uploads\/2025\/04\/7a-1536x1024.jpg 1536w, https:\/\/rfidmastergroup.com\/wp-content\/uploads\/2025\/04\/7a-2048x1365.jpg 2048w, https:\/\/rfidmastergroup.com\/wp-content\/uploads\/2025\/04\/7a-18x12.jpg 18w\" sizes=\"(max-width: 768px) 100vw, 768px\" \/>\n                            <\/div>\n                    <\/div><div class=\"eael-entry-wrapper\"><header class=\"eael-entry-header\"><h2 class=\"eael-entry-title\"><a class=\"eael-grid-post-link\" href=\"https:\/\/rfidmastergroup.com\/es\/market-data\/\" title=\"Datos del Mercado RFID\">Datos del Mercado RFID<\/a><\/h2><\/header><div class=\"eael-entry-content\">\n                                <div class=\"eael-grid-post-excerpt\"><p>El mercado de la identificaci\u00f3n por radiofrecuencia (RFID) ha experimentado un crecimiento significativo y se prev\u00e9 que siga expandi\u00e9ndose en los pr\u00f3ximos a\u00f1os. El mercado global de RFID se valor\u00f3 en aproximadamente 16 800 millones de d\u00f3lares en 2024 y se prev\u00e9 que crezca a una tasa de crecimiento anual compuesta (TCAC) de aproximadamente el 12,7 % durante la pr\u00f3xima d\u00e9cada (2025-2034), potencialmente...<\/p><a href=\"https:\/\/rfidmastergroup.com\/es\/market-data\/\" class=\"eael-post-elements-readmore-btn\">Leer m\u00e1s<\/a><\/div>\n                            <\/div><div class=\"eael-entry-header-after style-two\"><div class=\"eael-entry-meta\"><\/div><\/div><\/div><\/div>\n    <\/div>\n<\/article><article class=\"eael-grid-post  eael-post-grid-column eael-pg-post-1210 category-uncategorized\" data-id=\"1210\">\n    <div class=\"eael-grid-post-holder\">\n        <div class=\"eael-grid-post-holder-inner\"><div class=\"eael-entry-media\"><div class=\"eael-entry-overlay fade-in\"><i class=\"fas fa-long-arrow-alt-right\" aria-hidden=\"true\"><\/i><a href=\"https:\/\/rfidmastergroup.com\/es\/china-as-a-tech-hub\/\"><\/a><\/div><div class=\"eael-entry-thumbnail\">\n                            <img decoding=\"async\" width=\"500\" height=\"368\" src=\"https:\/\/rfidmastergroup.com\/wp-content\/uploads\/2025\/04\/NFC-Label-Tag-1.jpg\" class=\"attachment-medium_large size-medium_large wp-image-1113\" alt=\"\" srcset=\"https:\/\/rfidmastergroup.com\/wp-content\/uploads\/2025\/04\/NFC-Label-Tag-1.jpg 500w, https:\/\/rfidmastergroup.com\/wp-content\/uploads\/2025\/04\/NFC-Label-Tag-1-300x221.jpg 300w, https:\/\/rfidmastergroup.com\/wp-content\/uploads\/2025\/04\/NFC-Label-Tag-1-16x12.jpg 16w\" sizes=\"(max-width: 500px) 100vw, 500px\" \/>\n                            <\/div>\n                    <\/div><div class=\"eael-entry-wrapper\"><header class=\"eael-entry-header\"><h2 class=\"eael-entry-title\"><a class=\"eael-grid-post-link\" href=\"https:\/\/rfidmastergroup.com\/es\/china-as-a-tech-hub\/\" title=\"China como centro tecnol\u00f3gico\">China como centro tecnol\u00f3gico<\/a><\/h2><\/header><div class=\"eael-entry-content\">\n                                <div class=\"eael-grid-post-excerpt\"><p>China's leadership in the global IoT hardware revolution is the result of a combination of factors, including its advanced manufacturing ecosystem, supportive government policies, skilled workforce, and dominance in key technologies. Here\u2019s an in-depth look at why China is at the forefront:<\/p><a href=\"https:\/\/rfidmastergroup.com\/es\/china-as-a-tech-hub\/\" class=\"eael-post-elements-readmore-btn\">Leer m\u00e1s<\/a><\/div>\n                            <\/div><div class=\"eael-entry-header-after style-two\"><div class=\"eael-entry-meta\"><\/div><\/div><\/div><\/div>\n    <\/div>\n<\/article><article class=\"eael-grid-post  eael-post-grid-column eael-pg-post-1202 category-uncategorized\" data-id=\"1202\">\n    <div class=\"eael-grid-post-holder\">\n        <div class=\"eael-grid-post-holder-inner\"><div class=\"eael-entry-media\"><div class=\"eael-entry-overlay fade-in\"><i class=\"fas fa-long-arrow-alt-right\" aria-hidden=\"true\"><\/i><a href=\"https:\/\/rfidmastergroup.com\/es\/manufacturing-innovations\/\"><\/a><\/div><div class=\"eael-entry-thumbnail\">\n                            <img decoding=\"async\" width=\"768\" height=\"558\" src=\"https:\/\/rfidmastergroup.com\/wp-content\/uploads\/2025\/04\/UHF-RFID-Sticker-for-storage-2-1-768x558.jpg\" class=\"attachment-medium_large size-medium_large wp-image-1035\" alt=\"\" srcset=\"https:\/\/rfidmastergroup.com\/wp-content\/uploads\/2025\/04\/UHF-RFID-Sticker-for-storage-2-1-768x558.jpg 768w, https:\/\/rfidmastergroup.com\/wp-content\/uploads\/2025\/04\/UHF-RFID-Sticker-for-storage-2-1-300x218.jpg 300w, https:\/\/rfidmastergroup.com\/wp-content\/uploads\/2025\/04\/UHF-RFID-Sticker-for-storage-2-1-18x12.jpg 18w, https:\/\/rfidmastergroup.com\/wp-content\/uploads\/2025\/04\/UHF-RFID-Sticker-for-storage-2-1.jpg 1000w\" sizes=\"(max-width: 768px) 100vw, 768px\" \/>\n                            <\/div>\n                    <\/div><div class=\"eael-entry-wrapper\"><header class=\"eael-entry-header\"><h2 class=\"eael-entry-title\"><a class=\"eael-grid-post-link\" href=\"https:\/\/rfidmastergroup.com\/es\/manufacturing-innovations\/\" title=\"Innovaciones en Manufactura gracias a RFID e IoT\">Innovaciones en Manufactura gracias a RFID e IoT<\/a><\/h2><\/header><div class=\"eael-entry-content\">\n                                <div class=\"eael-grid-post-excerpt\"><p>La integraci\u00f3n de la Identificaci\u00f3n por Radiofrecuencia (RFID) y el Internet de las\nCosas (IoT) en la industria manufacturera ha impulsado innovaciones significativas que\nmejoran la eficiencia, la precisi\u00f3n y la automatizaci\u00f3n. Estas son algunas de las\ninnovaciones m\u00e1s destacadas impulsadas por estas tecnolog\u00edas:<\/p><a href=\"https:\/\/rfidmastergroup.com\/es\/manufacturing-innovations\/\" class=\"eael-post-elements-readmore-btn\">Leer m\u00e1s<\/a><\/div>\n                            <\/div><div class=\"eael-entry-header-after style-two\"><div class=\"eael-entry-meta\"><\/div><\/div><\/div><\/div>\n    <\/div>\n<\/article><article class=\"eael-grid-post  eael-post-grid-column eael-pg-post-1185 category-uncategorized\" data-id=\"1185\">\n    <div class=\"eael-grid-post-holder\">\n        <div class=\"eael-grid-post-holder-inner\"><div class=\"eael-entry-media\"><div class=\"eael-entry-overlay fade-in\"><i class=\"fas fa-long-arrow-alt-right\" aria-hidden=\"true\"><\/i><a href=\"https:\/\/rfidmastergroup.com\/es\/iot-new-trends\/\"><\/a><\/div><div class=\"eael-entry-thumbnail\">\n                            <img loading=\"lazy\" decoding=\"async\" width=\"588\" height=\"442\" src=\"https:\/\/rfidmastergroup.com\/wp-content\/uploads\/2025\/04\/RFID-Bottle-tag-2.jpeg\" class=\"attachment-medium_large size-medium_large wp-image-1079\" alt=\"\" srcset=\"https:\/\/rfidmastergroup.com\/wp-content\/uploads\/2025\/04\/RFID-Bottle-tag-2.jpeg 588w, https:\/\/rfidmastergroup.com\/wp-content\/uploads\/2025\/04\/RFID-Bottle-tag-2-300x226.jpeg 300w, https:\/\/rfidmastergroup.com\/wp-content\/uploads\/2025\/04\/RFID-Bottle-tag-2-16x12.jpeg 16w\" sizes=\"(max-width: 588px) 100vw, 588px\" \/>\n                            <\/div>\n                    <\/div><div class=\"eael-entry-wrapper\"><header class=\"eael-entry-header\"><h2 class=\"eael-entry-title\"><a class=\"eael-grid-post-link\" href=\"https:\/\/rfidmastergroup.com\/es\/iot-new-trends\/\" title=\"Nuevas tendencias de IoT\">Nuevas tendencias de IoT<\/a><\/h2><\/header><div class=\"eael-entry-content\">\n                                <div class=\"eael-grid-post-excerpt\"><p>El panorama de la Identificaci\u00f3n por Radiofrecuencia (RFID) y el Internet de las Cosas\n(IoT) est\u00e1 evolucionando r\u00e1pidamente, con varias tendencias clave que est\u00e1n dando\nforma a su futuro:<\/p><a href=\"https:\/\/rfidmastergroup.com\/es\/iot-new-trends\/\" class=\"eael-post-elements-readmore-btn\">Leer m\u00e1s<\/a><\/div>\n                            <\/div><div class=\"eael-entry-header-after style-two\"><div class=\"eael-entry-meta\"><\/div><\/div><\/div><\/div>\n    <\/div>\n<\/article><\/div>\n            <div class=\"clearfix\"><\/div>\n        <\/div>\t\t\t\t<\/div>\n\t\t\t\t<\/div>\n\t\t\t\t<\/div>\n\t\t\t\t<\/div>","protected":false},"excerpt":{"rendered":"<p>News&amp;Data Market data The Radio Frequency Identification (RFID) market has been experiencing significant growth and is projected to continue expanding in the coming years. Global RFID market was valued at around USD 16.8 billion in 2024 and is projected to grow at a CAGR of approximately 12.7% over the next decade (2025\u20132034), potentially&#8230; Read more [&hellip;]<\/p>","protected":false},"author":1,"featured_media":0,"parent":0,"menu_order":0,"comment_status":"closed","ping_status":"closed","template":"elementor_header_footer","meta":{"footnotes":""},"class_list":["post-675","page","type-page","status-publish","hentry"],"yoast_head":"<!-- This site is optimized with the Yoast SEO plugin v25.9 - https:\/\/yoast.com\/wordpress\/plugins\/seo\/ -->\n<title>News &amp; Data - RFID MASTER GROUP<\/title>\n<meta name=\"robots\" content=\"index, follow, max-snippet:-1, max-image-preview:large, max-video-preview:-1\" \/>\n<link rel=\"canonical\" href=\"https:\/\/rfidmastergroup.com\/es\/news-data\/\" \/>\n<meta property=\"og:locale\" content=\"es_ES\" \/>\n<meta property=\"og:type\" content=\"article\" \/>\n<meta property=\"og:title\" content=\"News &amp; Data - RFID MASTER GROUP\" \/>\n<meta property=\"og:description\" content=\"News&amp;Data Market data The Radio Frequency Identification (RFID) market has been experiencing significant growth and is projected to continue expanding in the coming years. Global RFID market was valued at around USD 16.8 billion in 2024 and is projected to grow at a CAGR of approximately 12.7% over the next decade (2025\u20132034), potentially&#8230; Read more [&hellip;]\" \/>\n<meta property=\"og:url\" content=\"https:\/\/rfidmastergroup.com\/es\/news-data\/\" \/>\n<meta property=\"og:site_name\" content=\"RFID MASTER GROUP\" \/>\n<meta property=\"article:modified_time\" content=\"2025-04-08T17:44:29+00:00\" \/>\n<meta property=\"og:image\" content=\"http:\/\/rfidmastergroup.com\/wp-content\/uploads\/2025\/04\/7a-768x512.jpg\" \/>\n<meta name=\"twitter:card\" content=\"summary_large_image\" \/>\n<meta name=\"twitter:label1\" content=\"Tiempo de lectura\" \/>\n\t<meta name=\"twitter:data1\" content=\"2 minutos\" \/>\n<script type=\"application\/ld+json\" class=\"yoast-schema-graph\">{\"@context\":\"https:\/\/schema.org\",\"@graph\":[{\"@type\":\"WebPage\",\"@id\":\"https:\/\/rfidmastergroup.com\/es\/news-data\/\",\"url\":\"https:\/\/rfidmastergroup.com\/es\/news-data\/\",\"name\":\"News &amp; Data - RFID MASTER GROUP\",\"isPartOf\":{\"@id\":\"https:\/\/www.rfidmastergroup.com\/#website\"},\"primaryImageOfPage\":{\"@id\":\"https:\/\/rfidmastergroup.com\/es\/news-data\/#primaryimage\"},\"image\":{\"@id\":\"https:\/\/rfidmastergroup.com\/es\/news-data\/#primaryimage\"},\"thumbnailUrl\":\"http:\/\/rfidmastergroup.com\/wp-content\/uploads\/2025\/04\/7a-768x512.jpg\",\"datePublished\":\"2025-03-24T12:16:46+00:00\",\"dateModified\":\"2025-04-08T17:44:29+00:00\",\"breadcrumb\":{\"@id\":\"https:\/\/rfidmastergroup.com\/es\/news-data\/#breadcrumb\"},\"inLanguage\":\"es\",\"potentialAction\":[{\"@type\":\"ReadAction\",\"target\":[\"https:\/\/rfidmastergroup.com\/es\/news-data\/\"]}]},{\"@type\":\"ImageObject\",\"inLanguage\":\"es\",\"@id\":\"https:\/\/rfidmastergroup.com\/es\/news-data\/#primaryimage\",\"url\":\"http:\/\/rfidmastergroup.com\/wp-content\/uploads\/2025\/04\/7a-768x512.jpg\",\"contentUrl\":\"http:\/\/rfidmastergroup.com\/wp-content\/uploads\/2025\/04\/7a-768x512.jpg\"},{\"@type\":\"BreadcrumbList\",\"@id\":\"https:\/\/rfidmastergroup.com\/es\/news-data\/#breadcrumb\",\"itemListElement\":[{\"@type\":\"ListItem\",\"position\":1,\"name\":\"Portada\",\"item\":\"https:\/\/rfidmastergroup.com\/\"},{\"@type\":\"ListItem\",\"position\":2,\"name\":\"News &amp; Data\"}]},{\"@type\":\"WebSite\",\"@id\":\"https:\/\/www.rfidmastergroup.com\/#website\",\"url\":\"https:\/\/www.rfidmastergroup.com\/\",\"name\":\"https:\/\/rfidmastergroup.com\/\",\"description\":\"\",\"publisher\":{\"@id\":\"https:\/\/www.rfidmastergroup.com\/#organization\"},\"alternateName\":\"RFID Master Group\",\"potentialAction\":[{\"@type\":\"SearchAction\",\"target\":{\"@type\":\"EntryPoint\",\"urlTemplate\":\"https:\/\/www.rfidmastergroup.com\/?s={search_term_string}\"},\"query-input\":{\"@type\":\"PropertyValueSpecification\",\"valueRequired\":true,\"valueName\":\"search_term_string\"}}],\"inLanguage\":\"es\"},{\"@type\":\"Organization\",\"@id\":\"https:\/\/www.rfidmastergroup.com\/#organization\",\"name\":\"RFID MASTER GROUP\",\"url\":\"https:\/\/www.rfidmastergroup.com\/\",\"logo\":{\"@type\":\"ImageObject\",\"inLanguage\":\"es\",\"@id\":\"https:\/\/www.rfidmastergroup.com\/#\/schema\/logo\/image\/\",\"url\":\"https:\/\/rfidmastergroup.com\/wp-content\/uploads\/2025\/03\/RFID_LOGO-2-NARANJAAZUL_Sinfondo.png\",\"contentUrl\":\"https:\/\/rfidmastergroup.com\/wp-content\/uploads\/2025\/03\/RFID_LOGO-2-NARANJAAZUL_Sinfondo.png\",\"width\":2912,\"height\":458,\"caption\":\"RFID MASTER GROUP\"},\"image\":{\"@id\":\"https:\/\/www.rfidmastergroup.com\/#\/schema\/logo\/image\/\"}}]}<\/script>\n<!-- \/ Yoast SEO plugin. -->","yoast_head_json":{"title":"News &amp; Data - RFID MASTER GROUP","robots":{"index":"index","follow":"follow","max-snippet":"max-snippet:-1","max-image-preview":"max-image-preview:large","max-video-preview":"max-video-preview:-1"},"canonical":"https:\/\/rfidmastergroup.com\/es\/news-data\/","og_locale":"es_ES","og_type":"article","og_title":"News &amp; Data - RFID MASTER GROUP","og_description":"News&amp;Data Market data The Radio Frequency Identification (RFID) market has been experiencing significant growth and is projected to continue expanding in the coming years. Global RFID market was valued at around USD 16.8 billion in 2024 and is projected to grow at a CAGR of approximately 12.7% over the next decade (2025\u20132034), potentially&#8230; Read more [&hellip;]","og_url":"https:\/\/rfidmastergroup.com\/es\/news-data\/","og_site_name":"RFID MASTER GROUP","article_modified_time":"2025-04-08T17:44:29+00:00","og_image":[{"url":"http:\/\/rfidmastergroup.com\/wp-content\/uploads\/2025\/04\/7a-768x512.jpg","type":"","width":"","height":""}],"twitter_card":"summary_large_image","twitter_misc":{"Tiempo de lectura":"2 minutos"},"schema":{"@context":"https:\/\/schema.org","@graph":[{"@type":"WebPage","@id":"https:\/\/rfidmastergroup.com\/es\/news-data\/","url":"https:\/\/rfidmastergroup.com\/es\/news-data\/","name":"News &amp; Data - RFID MASTER GROUP","isPartOf":{"@id":"https:\/\/www.rfidmastergroup.com\/#website"},"primaryImageOfPage":{"@id":"https:\/\/rfidmastergroup.com\/es\/news-data\/#primaryimage"},"image":{"@id":"https:\/\/rfidmastergroup.com\/es\/news-data\/#primaryimage"},"thumbnailUrl":"http:\/\/rfidmastergroup.com\/wp-content\/uploads\/2025\/04\/7a-768x512.jpg","datePublished":"2025-03-24T12:16:46+00:00","dateModified":"2025-04-08T17:44:29+00:00","breadcrumb":{"@id":"https:\/\/rfidmastergroup.com\/es\/news-data\/#breadcrumb"},"inLanguage":"es","potentialAction":[{"@type":"ReadAction","target":["https:\/\/rfidmastergroup.com\/es\/news-data\/"]}]},{"@type":"ImageObject","inLanguage":"es","@id":"https:\/\/rfidmastergroup.com\/es\/news-data\/#primaryimage","url":"http:\/\/rfidmastergroup.com\/wp-content\/uploads\/2025\/04\/7a-768x512.jpg","contentUrl":"http:\/\/rfidmastergroup.com\/wp-content\/uploads\/2025\/04\/7a-768x512.jpg"},{"@type":"BreadcrumbList","@id":"https:\/\/rfidmastergroup.com\/es\/news-data\/#breadcrumb","itemListElement":[{"@type":"ListItem","position":1,"name":"Portada","item":"https:\/\/rfidmastergroup.com\/"},{"@type":"ListItem","position":2,"name":"News &amp; Data"}]},{"@type":"WebSite","@id":"https:\/\/www.rfidmastergroup.com\/#website","url":"https:\/\/www.rfidmastergroup.com\/","name":"https:\/\/rfidmastergroup.com\/","description":"","publisher":{"@id":"https:\/\/www.rfidmastergroup.com\/#organization"},"alternateName":"RFID Master Group","potentialAction":[{"@type":"SearchAction","target":{"@type":"EntryPoint","urlTemplate":"https:\/\/www.rfidmastergroup.com\/?s={search_term_string}"},"query-input":{"@type":"PropertyValueSpecification","valueRequired":true,"valueName":"search_term_string"}}],"inLanguage":"es"},{"@type":"Organization","@id":"https:\/\/www.rfidmastergroup.com\/#organization","name":"RFID MASTER GROUP","url":"https:\/\/www.rfidmastergroup.com\/","logo":{"@type":"ImageObject","inLanguage":"es","@id":"https:\/\/www.rfidmastergroup.com\/#\/schema\/logo\/image\/","url":"https:\/\/rfidmastergroup.com\/wp-content\/uploads\/2025\/03\/RFID_LOGO-2-NARANJAAZUL_Sinfondo.png","contentUrl":"https:\/\/rfidmastergroup.com\/wp-content\/uploads\/2025\/03\/RFID_LOGO-2-NARANJAAZUL_Sinfondo.png","width":2912,"height":458,"caption":"RFID MASTER GROUP"},"image":{"@id":"https:\/\/www.rfidmastergroup.com\/#\/schema\/logo\/image\/"}}]}},"_links":{"self":[{"href":"https:\/\/rfidmastergroup.com\/es\/wp-json\/wp\/v2\/pages\/675","targetHints":{"allow":["GET"]}}],"collection":[{"href":"https:\/\/rfidmastergroup.com\/es\/wp-json\/wp\/v2\/pages"}],"about":[{"href":"https:\/\/rfidmastergroup.com\/es\/wp-json\/wp\/v2\/types\/page"}],"author":[{"embeddable":true,"href":"https:\/\/rfidmastergroup.com\/es\/wp-json\/wp\/v2\/users\/1"}],"replies":[{"embeddable":true,"href":"https:\/\/rfidmastergroup.com\/es\/wp-json\/wp\/v2\/comments?post=675"}],"version-history":[{"count":25,"href":"https:\/\/rfidmastergroup.com\/es\/wp-json\/wp\/v2\/pages\/675\/revisions"}],"predecessor-version":[{"id":1326,"href":"https:\/\/rfidmastergroup.com\/es\/wp-json\/wp\/v2\/pages\/675\/revisions\/1326"}],"wp:attachment":[{"href":"https:\/\/rfidmastergroup.com\/es\/wp-json\/wp\/v2\/media?parent=675"}],"curies":[{"name":"wp","href":"https:\/\/api.w.org\/{rel}","templated":true}]}}