{"id":760,"date":"2025-03-25T18:52:40","date_gmt":"2025-03-25T18:52:40","guid":{"rendered":"https:\/\/rfidmastergroup.com\/?page_id=760"},"modified":"2025-04-08T10:33:52","modified_gmt":"2025-04-08T10:33:52","slug":"cookies-policity","status":"publish","type":"page","link":"https:\/\/rfidmastergroup.com\/es\/cookies-policity\/","title":{"rendered":"Cookies Policity"},"content":{"rendered":"<div data-elementor-type=\"wp-page\" data-elementor-id=\"760\" class=\"elementor elementor-760\" data-elementor-post-type=\"page\">\n\t\t\t\t<div class=\"elementor-element elementor-element-1d36cd1f e-flex e-con-boxed e-con e-parent\" data-id=\"1d36cd1f\" data-element_type=\"container\" data-e-type=\"container\">\n\t\t\t\t\t<div class=\"e-con-inner\">\n\t\t\t\t<div class=\"elementor-element elementor-element-a1fdbe9 elementor-widget elementor-widget-heading\" data-id=\"a1fdbe9\" data-element_type=\"widget\" data-e-type=\"widget\" data-widget_type=\"heading.default\">\n\t\t\t\t<div class=\"elementor-widget-container\">\n\t\t\t\t\t<h2 class=\"elementor-heading-title elementor-size-default\">Pol\u00edtica de Cookies<\/h2>\t\t\t\t<\/div>\n\t\t\t\t<\/div>\n\t\t\t\t<div class=\"elementor-element elementor-element-4df00196 elementor-widget elementor-widget-text-editor\" data-id=\"4df00196\" data-element_type=\"widget\" data-e-type=\"widget\" data-widget_type=\"text-editor.default\">\n\t\t\t\t<div class=\"elementor-widget-container\">\n\t\t\t\t\t\t\t\t\t<p><\/p>\n<h3><strong>1. Introducci\u00f3n<\/strong><\/h3>\n<p>En RFID MASTER GROUP, utilizamos cookies y tecnolog\u00edas similares para mejorar su experiencia en nuestro sitio web. Esta Pol\u00edtica de Cookies explica qu\u00e9 son las cookies, c\u00f3mo las usamos y c\u00f3mo puede gestionar sus preferencias.<\/p>\n<p><\/p>\n<h3><b>2. \u00bfQu\u00e9 son las Cookies?<\/b><\/h3>\n<p>Las cookies son peque\u00f1os archivos de texto que se almacenan en tu dispositivo cuando visitas un sitio web. Ayudan a mejorar la funcionalidad del sitio web, personalizar tu experiencia y proporcionar informaci\u00f3n anal\u00edtica.<\/p>\n<p><\/p>\n<h3><b>3. Tipos de cookies que utilizamos<\/b><\/h3>\n<p><b>*Cookies esenciales <\/b>Necesario para que el sitio web funcione correctamente.<br><b>*Cookies de rendimiento: <\/b>Recopilar datos an\u00f3nimos sobre el uso del sitio web para mejorar la funcionalidad.<br><b>*Cookies funcionales: <\/b>Mejora tu experiencia recordando preferencias y configuraciones.<br><b>*Cookies de marketing: <\/b>Se utiliza con fines de seguimiento y publicidad.<\/p>\n<p><\/p><h3><b>4. C\u00f3mo utilizamos las cookies<\/b><\/h3>\n<p><b>Utilizamos cookies para:<br><\/b>* Asegurarse de que el sitio web funcione correctamente.<br>*Analizar y mejorar la experiencia del usuario.<br>* Entregar contenido y anuncios personalizados.<br>*Asegure nuestro sitio web y nuestros servicios.<\/p>\n<p><\/p><h3><b>5. Gesti\u00f3n de sus preferencias de cookies<\/b><\/h3>\n<p>Adem\u00e1s de lo descrito en este documento, el Usuario puede gestionar las preferencias de Cookies directamente desde el navegador y, por ejemplo, impedir que terceros las instalen. A trav\u00e9s de las preferencias del navegador tambi\u00e9n es posible eliminar las Cookies instaladas previamente, incluyendo la Cookie que permite la instalaci\u00f3n de otras Cookies por parte del sitio. Es importante tener en cuenta que al deshabilitar todas las Cookies, el funcionamiento del sitio web podr\u00eda verse comprometido. Puede encontrar informaci\u00f3n sobre c\u00f3mo gestionar las Cookies en el navegador en la siguiente direcci\u00f3n.<br>P\u00e1ginas: Google Chrome, Mozilla Firefox, Apple Safari y Microsoft Windows Explorer. A continuaci\u00f3n, se proporcionan instrucciones sobre los navegadores m\u00e1s populares para personalizar la configuraci\u00f3n de las cookies:<\/p>\n<p><b>Microsoft Internet Explorer<br><\/b>1. Haga clic en \u201cHerramientas\u201d en la parte superior de la ventana del navegador;<br>2. Seleccione \u201cOpciones de Internet\u201d;<br>3. Haga clic en la pesta\u00f1a \u201cPrivacidad\u201d;<br>4. Para activar las cookies, el nivel de Privacidad debe estar establecido en \u201cMedio\u201d o inferior;<br>Establecer el nivel de privacidad por encima de \u201cMedio\u201d deshabilitar\u00e1 el uso de cookies.<\/p>\n<p><b>Mozilla Firefox<br><\/b>1. Haga clic en \u201cHerramientas\u201d en la parte superior de la ventana del navegador;<br>2. Seleccione \u201cOpciones\u201d;<br>3. Seleccione el icono \u201cPrivacidad\u201d;<br>4. Haga clic en \u201cCookies\u201d;<br>5. Marque (o desmarque) la opci\u00f3n \u201cAceptar cookies de otros sitios web\u201d y<br>Casillas \u201cAceptar cookies de terceros\u201d<\/p>\n<p><b>Google Chrome<\/b><\/p>\n<p>1. Haga clic en el icono Men\u00fa;<br>2. Seleccione \u201cConfiguraci\u00f3n\u201d;<br>3. En la parte inferior de la p\u00e1gina, seleccione \u201cAvanzado\u201d;<br>4. En la secci\u00f3n \u201cPrivacidad y seguridad\u201d, seleccione \u201cConfiguraci\u00f3n del sitio\u201d;<br>5. Seleccione \u201cCookies\u201d ab<br>6. Marque (o desmarque) la casilla \u201cBloquear cookies de terceros\u201d.<\/p>\n<p><b>Apple Safari<br><\/b>1. Haga clic en la pesta\u00f1a \u201cSafari\u201d en la parte superior de la ventana del navegador;<br>2. Seleccione \u201cPreferencias\u201d;<br>3. Haga clic en \u201cPrivacidad\u201d;<br>4. Establezca su elecci\u00f3n en \u201cCookies y datos del sitio web\u201d.<br>Para obtener informaci\u00f3n adicional sobre el uso de cookies y c\u00f3mo bloquearlas, visite el<br>siguientes sitios:<\/p>\n<p>www.youronlinechoices.eu<br>www.allaboutcookies.org<\/p>\n<p><h3><b>6. Cookies de terceros<\/b><\/h3>Podemos utilizar servicios de terceros, como proveedores de an\u00e1lisis y publicidad, que configuran sus propias cookies. Estos terceros tienen sus propias pol\u00edticas de privacidad que rigen el uso de cookies.<\/p>\n<p><h3><strong>7. Cambios a esta Pol\u00edtica<\/strong><\/h3>Es posible que actualicemos esta Pol\u00edtica de Cookies ocasionalmente. Consulte esta p\u00e1gina peri\u00f3dicamente para ver las actualizaciones.<\/p>\n<p><h3><strong>8. Contacto<\/strong><\/h3>Si tiene alguna pregunta sobre nuestra Pol\u00edtica de Cookies, p\u00f3ngase en contacto con nosotros en<br><strong>info@rfidmastergroup.com<\/strong><\/p>\n<p><!-- \/wp:paragraph --><\/p>\t\t\t\t\t\t\t\t<\/div>\n\t\t\t\t<\/div>\n\t\t\t\t\t<\/div>\n\t\t\t\t<\/div>\n\t\t\t\t<\/div>","protected":false},"excerpt":{"rendered":"<p>Cookie Policy 1. Introduction At RFID MASTER GROUP, we use cookies and similar technologies to enhance your experience on our website. This Cookie Policy explains what cookies are, how we use them, and how you can manage your preferences. 2. What Are Cookies? Cookies are small text files stored on your device when you visit [&hellip;]<\/p>","protected":false},"author":1,"featured_media":0,"parent":0,"menu_order":0,"comment_status":"closed","ping_status":"closed","template":"","meta":{"footnotes":""},"class_list":["post-760","page","type-page","status-publish","hentry"],"yoast_head":"<!-- This site is optimized with the Yoast SEO plugin v25.9 - https:\/\/yoast.com\/wordpress\/plugins\/seo\/ -->\n<title>Cookies Policity - RFID MASTER GROUP<\/title>\n<meta name=\"robots\" content=\"index, follow, max-snippet:-1, max-image-preview:large, max-video-preview:-1\" \/>\n<link rel=\"canonical\" href=\"https:\/\/rfidmastergroup.com\/es\/cookies-policity\/\" \/>\n<meta property=\"og:locale\" content=\"es_ES\" \/>\n<meta property=\"og:type\" content=\"article\" \/>\n<meta property=\"og:title\" content=\"Cookies Policity - RFID MASTER GROUP\" \/>\n<meta property=\"og:description\" content=\"Cookie Policy 1. Introduction At RFID MASTER GROUP, we use cookies and similar technologies to enhance your experience on our website. This Cookie Policy explains what cookies are, how we use them, and how you can manage your preferences. 2. What Are Cookies? Cookies are small text files stored on your device when you visit [&hellip;]\" \/>\n<meta property=\"og:url\" content=\"https:\/\/rfidmastergroup.com\/es\/cookies-policity\/\" \/>\n<meta property=\"og:site_name\" content=\"RFID MASTER GROUP\" \/>\n<meta property=\"article:modified_time\" content=\"2025-04-08T10:33:52+00:00\" \/>\n<meta name=\"twitter:card\" content=\"summary_large_image\" \/>\n<meta name=\"twitter:label1\" content=\"Tiempo de lectura\" \/>\n\t<meta name=\"twitter:data1\" content=\"3 minutos\" \/>\n<script type=\"application\/ld+json\" class=\"yoast-schema-graph\">{\"@context\":\"https:\/\/schema.org\",\"@graph\":[{\"@type\":\"WebPage\",\"@id\":\"https:\/\/rfidmastergroup.com\/cookies-policity\/\",\"url\":\"https:\/\/rfidmastergroup.com\/cookies-policity\/\",\"name\":\"Cookies Policity - RFID MASTER GROUP\",\"isPartOf\":{\"@id\":\"https:\/\/www.rfidmastergroup.com\/#website\"},\"datePublished\":\"2025-03-25T18:52:40+00:00\",\"dateModified\":\"2025-04-08T10:33:52+00:00\",\"breadcrumb\":{\"@id\":\"https:\/\/rfidmastergroup.com\/cookies-policity\/#breadcrumb\"},\"inLanguage\":\"es\",\"potentialAction\":[{\"@type\":\"ReadAction\",\"target\":[\"https:\/\/rfidmastergroup.com\/cookies-policity\/\"]}]},{\"@type\":\"BreadcrumbList\",\"@id\":\"https:\/\/rfidmastergroup.com\/cookies-policity\/#breadcrumb\",\"itemListElement\":[{\"@type\":\"ListItem\",\"position\":1,\"name\":\"Portada\",\"item\":\"https:\/\/rfidmastergroup.com\/\"},{\"@type\":\"ListItem\",\"position\":2,\"name\":\"Cookies Policity\"}]},{\"@type\":\"WebSite\",\"@id\":\"https:\/\/www.rfidmastergroup.com\/#website\",\"url\":\"https:\/\/www.rfidmastergroup.com\/\",\"name\":\"https:\/\/rfidmastergroup.com\/\",\"description\":\"\",\"publisher\":{\"@id\":\"https:\/\/www.rfidmastergroup.com\/#organization\"},\"alternateName\":\"RFID Master Group\",\"potentialAction\":[{\"@type\":\"SearchAction\",\"target\":{\"@type\":\"EntryPoint\",\"urlTemplate\":\"https:\/\/www.rfidmastergroup.com\/?s={search_term_string}\"},\"query-input\":{\"@type\":\"PropertyValueSpecification\",\"valueRequired\":true,\"valueName\":\"search_term_string\"}}],\"inLanguage\":\"es\"},{\"@type\":\"Organization\",\"@id\":\"https:\/\/www.rfidmastergroup.com\/#organization\",\"name\":\"RFID MASTER GROUP\",\"url\":\"https:\/\/www.rfidmastergroup.com\/\",\"logo\":{\"@type\":\"ImageObject\",\"inLanguage\":\"es\",\"@id\":\"https:\/\/www.rfidmastergroup.com\/#\/schema\/logo\/image\/\",\"url\":\"https:\/\/rfidmastergroup.com\/wp-content\/uploads\/2025\/03\/RFID_LOGO-2-NARANJAAZUL_Sinfondo.png\",\"contentUrl\":\"https:\/\/rfidmastergroup.com\/wp-content\/uploads\/2025\/03\/RFID_LOGO-2-NARANJAAZUL_Sinfondo.png\",\"width\":2912,\"height\":458,\"caption\":\"RFID MASTER GROUP\"},\"image\":{\"@id\":\"https:\/\/www.rfidmastergroup.com\/#\/schema\/logo\/image\/\"}}]}<\/script>\n<!-- \/ Yoast SEO plugin. -->","yoast_head_json":{"title":"Cookies Policity - RFID MASTER GROUP","robots":{"index":"index","follow":"follow","max-snippet":"max-snippet:-1","max-image-preview":"max-image-preview:large","max-video-preview":"max-video-preview:-1"},"canonical":"https:\/\/rfidmastergroup.com\/es\/cookies-policity\/","og_locale":"es_ES","og_type":"article","og_title":"Cookies Policity - RFID MASTER GROUP","og_description":"Cookie Policy 1. Introduction At RFID MASTER GROUP, we use cookies and similar technologies to enhance your experience on our website. This Cookie Policy explains what cookies are, how we use them, and how you can manage your preferences. 2. What Are Cookies? Cookies are small text files stored on your device when you visit [&hellip;]","og_url":"https:\/\/rfidmastergroup.com\/es\/cookies-policity\/","og_site_name":"RFID MASTER GROUP","article_modified_time":"2025-04-08T10:33:52+00:00","twitter_card":"summary_large_image","twitter_misc":{"Tiempo de lectura":"3 minutos"},"schema":{"@context":"https:\/\/schema.org","@graph":[{"@type":"WebPage","@id":"https:\/\/rfidmastergroup.com\/cookies-policity\/","url":"https:\/\/rfidmastergroup.com\/cookies-policity\/","name":"Cookies Policity - RFID MASTER GROUP","isPartOf":{"@id":"https:\/\/www.rfidmastergroup.com\/#website"},"datePublished":"2025-03-25T18:52:40+00:00","dateModified":"2025-04-08T10:33:52+00:00","breadcrumb":{"@id":"https:\/\/rfidmastergroup.com\/cookies-policity\/#breadcrumb"},"inLanguage":"es","potentialAction":[{"@type":"ReadAction","target":["https:\/\/rfidmastergroup.com\/cookies-policity\/"]}]},{"@type":"BreadcrumbList","@id":"https:\/\/rfidmastergroup.com\/cookies-policity\/#breadcrumb","itemListElement":[{"@type":"ListItem","position":1,"name":"Portada","item":"https:\/\/rfidmastergroup.com\/"},{"@type":"ListItem","position":2,"name":"Cookies Policity"}]},{"@type":"WebSite","@id":"https:\/\/www.rfidmastergroup.com\/#website","url":"https:\/\/www.rfidmastergroup.com\/","name":"https:\/\/rfidmastergroup.com\/","description":"","publisher":{"@id":"https:\/\/www.rfidmastergroup.com\/#organization"},"alternateName":"RFID Master Group","potentialAction":[{"@type":"SearchAction","target":{"@type":"EntryPoint","urlTemplate":"https:\/\/www.rfidmastergroup.com\/?s={search_term_string}"},"query-input":{"@type":"PropertyValueSpecification","valueRequired":true,"valueName":"search_term_string"}}],"inLanguage":"es"},{"@type":"Organization","@id":"https:\/\/www.rfidmastergroup.com\/#organization","name":"RFID MASTER GROUP","url":"https:\/\/www.rfidmastergroup.com\/","logo":{"@type":"ImageObject","inLanguage":"es","@id":"https:\/\/www.rfidmastergroup.com\/#\/schema\/logo\/image\/","url":"https:\/\/rfidmastergroup.com\/wp-content\/uploads\/2025\/03\/RFID_LOGO-2-NARANJAAZUL_Sinfondo.png","contentUrl":"https:\/\/rfidmastergroup.com\/wp-content\/uploads\/2025\/03\/RFID_LOGO-2-NARANJAAZUL_Sinfondo.png","width":2912,"height":458,"caption":"RFID MASTER GROUP"},"image":{"@id":"https:\/\/www.rfidmastergroup.com\/#\/schema\/logo\/image\/"}}]}},"_links":{"self":[{"href":"https:\/\/rfidmastergroup.com\/es\/wp-json\/wp\/v2\/pages\/760","targetHints":{"allow":["GET"]}}],"collection":[{"href":"https:\/\/rfidmastergroup.com\/es\/wp-json\/wp\/v2\/pages"}],"about":[{"href":"https:\/\/rfidmastergroup.com\/es\/wp-json\/wp\/v2\/types\/page"}],"author":[{"embeddable":true,"href":"https:\/\/rfidmastergroup.com\/es\/wp-json\/wp\/v2\/users\/1"}],"replies":[{"embeddable":true,"href":"https:\/\/rfidmastergroup.com\/es\/wp-json\/wp\/v2\/comments?post=760"}],"version-history":[{"count":13,"href":"https:\/\/rfidmastergroup.com\/es\/wp-json\/wp\/v2\/pages\/760\/revisions"}],"predecessor-version":[{"id":1252,"href":"https:\/\/rfidmastergroup.com\/es\/wp-json\/wp\/v2\/pages\/760\/revisions\/1252"}],"wp:attachment":[{"href":"https:\/\/rfidmastergroup.com\/es\/wp-json\/wp\/v2\/media?parent=760"}],"curies":[{"name":"wp","href":"https:\/\/api.w.org\/{rel}","templated":true}]}}