{"id":765,"date":"2025-03-25T18:54:40","date_gmt":"2025-03-25T18:54:40","guid":{"rendered":"https:\/\/rfidmastergroup.com\/?page_id=765"},"modified":"2025-04-08T10:24:06","modified_gmt":"2025-04-08T10:24:06","slug":"legal-notice","status":"publish","type":"page","link":"https:\/\/rfidmastergroup.com\/es\/legal-notice\/","title":{"rendered":"Aviso Legal"},"content":{"rendered":"<div data-elementor-type=\"wp-page\" data-elementor-id=\"765\" class=\"elementor elementor-765\" data-elementor-post-type=\"page\">\n\t\t\t\t<div class=\"elementor-element elementor-element-1d36cd1f e-flex e-con-boxed e-con e-parent\" data-id=\"1d36cd1f\" data-element_type=\"container\" data-e-type=\"container\">\n\t\t\t\t\t<div class=\"e-con-inner\">\n\t\t\t\t<div class=\"elementor-element elementor-element-a1fdbe9 elementor-widget elementor-widget-heading\" data-id=\"a1fdbe9\" data-element_type=\"widget\" data-e-type=\"widget\" data-widget_type=\"heading.default\">\n\t\t\t\t<div class=\"elementor-widget-container\">\n\t\t\t\t\t<h2 class=\"elementor-heading-title elementor-size-default\">Aviso Legal<\/h2>\t\t\t\t<\/div>\n\t\t\t\t<\/div>\n\t\t\t\t<div class=\"elementor-element elementor-element-4df00196 elementor-widget elementor-widget-text-editor\" data-id=\"4df00196\" data-element_type=\"widget\" data-e-type=\"widget\" data-widget_type=\"text-editor.default\">\n\t\t\t\t<div class=\"elementor-widget-container\">\n\t\t\t\t\t\t\t\t\t<p>\u00a0<\/p><h3><b>1. Informaci\u00f3n general<\/b><\/h3><p>El presente Aviso Legal regula el uso del sitio web gestionado por <b>RFID MASTER GROUP<\/b>Al acceder y utilizar este sitio web, usted acepta cumplir con los t\u00e9rminos establecidos en este aviso.<\/p><p>\u00a0<\/p><h3><b>2. Informaci\u00f3n de la empresa<\/b><\/h3><p><b>Direcci\u00f3n de la empresa 1:<\/b> Olmalux Inversiones S.L. \u2013 C\/ Gabriel Garc\u00eda M\u00e1rquez, 4 \u2013 Planta 1- 28232 Las Rozas (Madrid) \u2013 Spain<br \/><b>Direcci\u00f3n de la empresa 2:<\/b> Global Advantage Limited Industrial \u2013 RM18, 27\/F Ho King Comm Ctr, 2-16 Fayuen St, Mongkok Kowloon, Hong Kong<br \/><b>Email: <\/b>info@rfidmastergroup.com<\/p><p>\u00a0<\/p><h3><b>3. Propiedad intelectual<\/b><\/h3><p>Todo el contenido de este sitio web, incluyendo textos, im\u00e1genes, logotipos, marcas comerciales y dise\u00f1os, es propiedad de RFID MASTER GROUP o de sus licenciantes y est\u00e1 protegido por las leyes de propiedad intelectual. Queda estrictamente prohibido el uso, la reproducci\u00f3n o la distribuci\u00f3n no autorizados de cualquier contenido.<\/p><p>\u00a0<\/p><h3><b>4. Uso de la web<\/b><\/h3><p>Los usuarios se comprometen a utilizar este sitio web de forma legal y a abstenerse de cualquier actividad que pueda causar da\u00f1os, interrumpir los servicios o infringir la legislaci\u00f3n aplicable. RFID MASTER GROUP se reserva el derecho de restringir o cancelar el acceso en caso de uso indebido.<\/p><h3><b>5. Limitaci\u00f3n de responsabilidad<\/b><\/h3><p>Si bien nos esforzamos por proporcionar informaci\u00f3n precisa y actualizada, RFID MASTER GROUP no garantiza la integridad, fiabilidad ni exactitud del contenido de este sitio web. No nos responsabilizamos de ning\u00fan da\u00f1o directo o indirecto derivado del uso de este sitio.<\/p><h3><b>6. Enlaces externos<\/b><\/h3><p>Este sitio web puede contener enlaces a sitios web de terceros. RFID MASTER GROUP no se responsabiliza del contenido, las pol\u00edticas ni las pr\u00e1cticas de dichos sitios web.<\/p><h3><b>7. Privacidad y protecci\u00f3n de datos<\/b><\/h3><p>El tratamiento de datos personales se rige por nuestra Pol\u00edtica de Privacidad, que cumple con la legislaci\u00f3n aplicable en materia de protecci\u00f3n de datos. Se recomienda a los usuarios que revisen nuestras pr\u00e1cticas de privacidad.<\/p><h3><b>8. Cambios a este Aviso Legal<\/b><\/h3><p>Nos reservamos el derecho de actualizar este Aviso Legal en cualquier momento. El uso continuado del sitio web despu\u00e9s de las modificaciones implica la aceptaci\u00f3n de los nuevos t\u00e9rminos.<\/p><h3><b>9. Informaci\u00f3n de contacto<\/b><\/h3><p>Para cualquier consulta respecto a este Aviso Legal, por favor, p\u00f3ngase en contacto con nosotros en <b>info@rfidmastergroup.com<\/b><\/p>\t\t\t\t\t\t\t\t<\/div>\n\t\t\t\t<\/div>\n\t\t\t\t\t<\/div>\n\t\t\t\t<\/div>\n\t\t\t\t<\/div>","protected":false},"excerpt":{"rendered":"<p>Legal Notice \u00a0 1. General Information This Legal Notice regulates the use of the website operated by RFID MASTER GROUP. By accessing and using this website, you agree to comply with the terms set forth in this notice. \u00a0 2. Company Information Company Name 1: Olmalux Inversiones S.L. &#8211; C\/ Gabriel Garc\u00eda M\u00e1rquez, 4 &#8211; [&hellip;]<\/p>","protected":false},"author":1,"featured_media":0,"parent":0,"menu_order":0,"comment_status":"closed","ping_status":"closed","template":"","meta":{"footnotes":""},"class_list":["post-765","page","type-page","status-publish","hentry"],"yoast_head":"<!-- This site is optimized with the Yoast SEO plugin v25.9 - https:\/\/yoast.com\/wordpress\/plugins\/seo\/ -->\n<title>Legal Notice - RFID MASTER GROUP<\/title>\n<meta name=\"robots\" content=\"index, follow, max-snippet:-1, max-image-preview:large, max-video-preview:-1\" \/>\n<link rel=\"canonical\" href=\"https:\/\/rfidmastergroup.com\/es\/legal-notice\/\" \/>\n<meta property=\"og:locale\" content=\"es_ES\" \/>\n<meta property=\"og:type\" content=\"article\" \/>\n<meta property=\"og:title\" content=\"Legal Notice - RFID MASTER GROUP\" \/>\n<meta property=\"og:description\" content=\"Legal Notice \u00a0 1. General Information This Legal Notice regulates the use of the website operated by RFID MASTER GROUP. By accessing and using this website, you agree to comply with the terms set forth in this notice. \u00a0 2. Company Information Company Name 1: Olmalux Inversiones S.L. &#8211; C\/ Gabriel Garc\u00eda M\u00e1rquez, 4 &#8211; [&hellip;]\" \/>\n<meta property=\"og:url\" content=\"https:\/\/rfidmastergroup.com\/es\/legal-notice\/\" \/>\n<meta property=\"og:site_name\" content=\"RFID MASTER GROUP\" \/>\n<meta property=\"article:modified_time\" content=\"2025-04-08T10:24:06+00:00\" \/>\n<meta name=\"twitter:card\" content=\"summary_large_image\" \/>\n<meta name=\"twitter:label1\" content=\"Tiempo de lectura\" \/>\n\t<meta name=\"twitter:data1\" content=\"2 minutos\" \/>\n<script type=\"application\/ld+json\" class=\"yoast-schema-graph\">{\"@context\":\"https:\/\/schema.org\",\"@graph\":[{\"@type\":\"WebPage\",\"@id\":\"https:\/\/rfidmastergroup.com\/es\/legal-notice\/\",\"url\":\"https:\/\/rfidmastergroup.com\/es\/legal-notice\/\",\"name\":\"Legal Notice - RFID MASTER GROUP\",\"isPartOf\":{\"@id\":\"https:\/\/www.rfidmastergroup.com\/#website\"},\"datePublished\":\"2025-03-25T18:54:40+00:00\",\"dateModified\":\"2025-04-08T10:24:06+00:00\",\"breadcrumb\":{\"@id\":\"https:\/\/rfidmastergroup.com\/es\/legal-notice\/#breadcrumb\"},\"inLanguage\":\"es\",\"potentialAction\":[{\"@type\":\"ReadAction\",\"target\":[\"https:\/\/rfidmastergroup.com\/es\/legal-notice\/\"]}]},{\"@type\":\"BreadcrumbList\",\"@id\":\"https:\/\/rfidmastergroup.com\/es\/legal-notice\/#breadcrumb\",\"itemListElement\":[{\"@type\":\"ListItem\",\"position\":1,\"name\":\"Portada\",\"item\":\"https:\/\/rfidmastergroup.com\/\"},{\"@type\":\"ListItem\",\"position\":2,\"name\":\"Legal Notice\"}]},{\"@type\":\"WebSite\",\"@id\":\"https:\/\/www.rfidmastergroup.com\/#website\",\"url\":\"https:\/\/www.rfidmastergroup.com\/\",\"name\":\"https:\/\/rfidmastergroup.com\/\",\"description\":\"\",\"publisher\":{\"@id\":\"https:\/\/www.rfidmastergroup.com\/#organization\"},\"alternateName\":\"RFID Master Group\",\"potentialAction\":[{\"@type\":\"SearchAction\",\"target\":{\"@type\":\"EntryPoint\",\"urlTemplate\":\"https:\/\/www.rfidmastergroup.com\/?s={search_term_string}\"},\"query-input\":{\"@type\":\"PropertyValueSpecification\",\"valueRequired\":true,\"valueName\":\"search_term_string\"}}],\"inLanguage\":\"es\"},{\"@type\":\"Organization\",\"@id\":\"https:\/\/www.rfidmastergroup.com\/#organization\",\"name\":\"RFID MASTER GROUP\",\"url\":\"https:\/\/www.rfidmastergroup.com\/\",\"logo\":{\"@type\":\"ImageObject\",\"inLanguage\":\"es\",\"@id\":\"https:\/\/www.rfidmastergroup.com\/#\/schema\/logo\/image\/\",\"url\":\"https:\/\/rfidmastergroup.com\/wp-content\/uploads\/2025\/03\/RFID_LOGO-2-NARANJAAZUL_Sinfondo.png\",\"contentUrl\":\"https:\/\/rfidmastergroup.com\/wp-content\/uploads\/2025\/03\/RFID_LOGO-2-NARANJAAZUL_Sinfondo.png\",\"width\":2912,\"height\":458,\"caption\":\"RFID MASTER GROUP\"},\"image\":{\"@id\":\"https:\/\/www.rfidmastergroup.com\/#\/schema\/logo\/image\/\"}}]}<\/script>\n<!-- \/ Yoast SEO plugin. -->","yoast_head_json":{"title":"Legal Notice - RFID MASTER GROUP","robots":{"index":"index","follow":"follow","max-snippet":"max-snippet:-1","max-image-preview":"max-image-preview:large","max-video-preview":"max-video-preview:-1"},"canonical":"https:\/\/rfidmastergroup.com\/es\/legal-notice\/","og_locale":"es_ES","og_type":"article","og_title":"Legal Notice - RFID MASTER GROUP","og_description":"Legal Notice \u00a0 1. General Information This Legal Notice regulates the use of the website operated by RFID MASTER GROUP. By accessing and using this website, you agree to comply with the terms set forth in this notice. \u00a0 2. Company Information Company Name 1: Olmalux Inversiones S.L. &#8211; C\/ Gabriel Garc\u00eda M\u00e1rquez, 4 &#8211; [&hellip;]","og_url":"https:\/\/rfidmastergroup.com\/es\/legal-notice\/","og_site_name":"RFID MASTER GROUP","article_modified_time":"2025-04-08T10:24:06+00:00","twitter_card":"summary_large_image","twitter_misc":{"Tiempo de lectura":"2 minutos"},"schema":{"@context":"https:\/\/schema.org","@graph":[{"@type":"WebPage","@id":"https:\/\/rfidmastergroup.com\/es\/legal-notice\/","url":"https:\/\/rfidmastergroup.com\/es\/legal-notice\/","name":"Legal Notice - RFID MASTER GROUP","isPartOf":{"@id":"https:\/\/www.rfidmastergroup.com\/#website"},"datePublished":"2025-03-25T18:54:40+00:00","dateModified":"2025-04-08T10:24:06+00:00","breadcrumb":{"@id":"https:\/\/rfidmastergroup.com\/es\/legal-notice\/#breadcrumb"},"inLanguage":"es","potentialAction":[{"@type":"ReadAction","target":["https:\/\/rfidmastergroup.com\/es\/legal-notice\/"]}]},{"@type":"BreadcrumbList","@id":"https:\/\/rfidmastergroup.com\/es\/legal-notice\/#breadcrumb","itemListElement":[{"@type":"ListItem","position":1,"name":"Portada","item":"https:\/\/rfidmastergroup.com\/"},{"@type":"ListItem","position":2,"name":"Legal Notice"}]},{"@type":"WebSite","@id":"https:\/\/www.rfidmastergroup.com\/#website","url":"https:\/\/www.rfidmastergroup.com\/","name":"https:\/\/rfidmastergroup.com\/","description":"","publisher":{"@id":"https:\/\/www.rfidmastergroup.com\/#organization"},"alternateName":"RFID Master Group","potentialAction":[{"@type":"SearchAction","target":{"@type":"EntryPoint","urlTemplate":"https:\/\/www.rfidmastergroup.com\/?s={search_term_string}"},"query-input":{"@type":"PropertyValueSpecification","valueRequired":true,"valueName":"search_term_string"}}],"inLanguage":"es"},{"@type":"Organization","@id":"https:\/\/www.rfidmastergroup.com\/#organization","name":"RFID MASTER GROUP","url":"https:\/\/www.rfidmastergroup.com\/","logo":{"@type":"ImageObject","inLanguage":"es","@id":"https:\/\/www.rfidmastergroup.com\/#\/schema\/logo\/image\/","url":"https:\/\/rfidmastergroup.com\/wp-content\/uploads\/2025\/03\/RFID_LOGO-2-NARANJAAZUL_Sinfondo.png","contentUrl":"https:\/\/rfidmastergroup.com\/wp-content\/uploads\/2025\/03\/RFID_LOGO-2-NARANJAAZUL_Sinfondo.png","width":2912,"height":458,"caption":"RFID MASTER GROUP"},"image":{"@id":"https:\/\/www.rfidmastergroup.com\/#\/schema\/logo\/image\/"}}]}},"_links":{"self":[{"href":"https:\/\/rfidmastergroup.com\/es\/wp-json\/wp\/v2\/pages\/765","targetHints":{"allow":["GET"]}}],"collection":[{"href":"https:\/\/rfidmastergroup.com\/es\/wp-json\/wp\/v2\/pages"}],"about":[{"href":"https:\/\/rfidmastergroup.com\/es\/wp-json\/wp\/v2\/types\/page"}],"author":[{"embeddable":true,"href":"https:\/\/rfidmastergroup.com\/es\/wp-json\/wp\/v2\/users\/1"}],"replies":[{"embeddable":true,"href":"https:\/\/rfidmastergroup.com\/es\/wp-json\/wp\/v2\/comments?post=765"}],"version-history":[{"count":7,"href":"https:\/\/rfidmastergroup.com\/es\/wp-json\/wp\/v2\/pages\/765\/revisions"}],"predecessor-version":[{"id":1235,"href":"https:\/\/rfidmastergroup.com\/es\/wp-json\/wp\/v2\/pages\/765\/revisions\/1235"}],"wp:attachment":[{"href":"https:\/\/rfidmastergroup.com\/es\/wp-json\/wp\/v2\/media?parent=765"}],"curies":[{"name":"wp","href":"https:\/\/api.w.org\/{rel}","templated":true}]}}